{"id":1102,"date":"2017-04-19T12:13:38","date_gmt":"2017-04-19T12:13:38","guid":{"rendered":"https:\/\/ninetheme.com\/themes\/forester\/?page_id=1102"},"modified":"2025-06-30T10:27:08","modified_gmt":"2025-06-30T10:27:08","slug":"contacto","status":"publish","type":"page","link":"https:\/\/jobufer.com\/index.php\/contacto\/","title":{"rendered":"Contacto"},"content":{"rendered":"<div class=\"wpb-content-wrapper\">\n<p>[vc_row full_width=\u00bbstretch_row\u00bb css=\u00bb.vc_custom_1489064681653{padding-top: 130px !important;padding-bottom: 120px !important;background-color: #ffffff !important;}\u00bb el_id=\u00bbcontact\u00bb][vc_column offset=\u00bbvc_col-lg-offset-2 vc_col-lg-8 vc_col-md-offset-2 vc_col-md-8 vc_col-xs-12\u2033 el_class=\u00bbtext-center\u00bb][vc_column_text]<\/p>\n<h3 style=\"text-align: center;\">P\u00f3ngase en contacto con la empresa<\/h3>\n<p>[\/vc_column_text]<\/p>\n<div class=\"info-contact contact_info_1 pb50 text-center m-auto\">\n<div class=\"number black pb10\">\n<div class=\"heading-title\">Contacta con nosotros<\/div>\n<h2>\n<i class=\"fa fa-phone phone pr15\"><\/i>968 337 717 || 680 633 340<\/h2>\n<\/div>\n<h6>\n<i class=\"fa fa-envelope-o  x3 pr10\"><\/i>jobufersl@gmail.com<\/h6>\n<h6>\n<i class=\"fa fa-home  x3 pr10\"><\/i>Mina La Cuarta, 1 Pol. Industrial 30360 La Uni\u00f3n (Murcia)<\/h6>\n<\/div>\n<div class=\"wpcf7 no-js\" id=\"wpcf7-f11-o1\" lang=\"en\" dir=\"ltr\" data-wpcf7-id=\"11\">\n<div class=\"screen-reader-response\">\n<p role=\"status\" aria-live=\"polite\" aria-atomic=\"true\"><\/p> <ul><\/ul>\n<\/div>\n<form action=\"\/index.php\/wp-json\/wp\/v2\/pages\/1102#wpcf7-f11-o1\" method=\"post\" class=\"wpcf7-form init\" aria-label=\"Formulario de contacto\" novalidate=\"novalidate\" data-status=\"init\">\n<fieldset class=\"hidden-fields-container\">\n<input type=\"hidden\" name=\"_wpcf7\" value=\"11\"><input type=\"hidden\" name=\"_wpcf7_version\" value=\"6.1.5\"><input type=\"hidden\" name=\"_wpcf7_locale\" value=\"en\"><input type=\"hidden\" name=\"_wpcf7_unit_tag\" value=\"wpcf7-f11-o1\"><input type=\"hidden\" name=\"_wpcf7_container_post\" value=\"0\"><input type=\"hidden\" name=\"_wpcf7_posted_data_hash\" value=\"\">\n<\/fieldset>\n<div class=\"ucf form-horizontal\">\n\t<fieldset>\n\t\t<div class=\"form-group\">\n\t\t\t<p><span class=\"wpcf7-form-control-wrap\" data-name=\"text-75\"><input size=\"40\" maxlength=\"400\" class=\"wpcf7-form-control wpcf7-text wpcf7-validates-as-required form-control\" id=\"name\" aria-required=\"true\" aria-invalid=\"false\" placeholder=\"Su nombre *\" value=\"\" type=\"text\" name=\"text-75\"><\/span>\n\t\t\t<\/p>\n\t\t<\/div>\n\t\t<div class=\"form-group\">\n\t\t\t<p><span class=\"wpcf7-form-control-wrap\" data-name=\"email-841\"><input size=\"40\" maxlength=\"400\" class=\"wpcf7-form-control wpcf7-email wpcf7-validates-as-required wpcf7-text wpcf7-validates-as-email form-control\" id=\"email\" aria-required=\"true\" aria-invalid=\"false\" placeholder=\"Su Email *\" value=\"\" type=\"email\" name=\"email-841\"><\/span>\n\t\t\t<\/p>\n\t\t<\/div>\n\t\t<div class=\"form-group\">\n\t\t\t<p><span class=\"wpcf7-form-control-wrap\" data-name=\"text-75\"><input size=\"40\" maxlength=\"400\" class=\"wpcf7-form-control wpcf7-text form-control\" id=\"subject\" aria-invalid=\"false\" placeholder=\"Subject\" value=\"\" type=\"text\" name=\"text-75\"><\/span>\n\t\t\t<\/p>\n\t\t<\/div>\n\t\t<div class=\"form-group\">\n\t\t\t<p><span class=\"wpcf7-form-control-wrap\" data-name=\"textarea-792\"><textarea cols=\"40\" rows=\"10\" maxlength=\"2000\" class=\"wpcf7-form-control wpcf7-textarea wpcf7-validates-as-required form-control\" id=\"message\" aria-required=\"true\" aria-invalid=\"false\" placeholder=\"Su mensaje... *\" name=\"textarea-792\"><\/textarea><\/span>\n\t\t\t<\/p>\n\t\t<\/div>\n\t\t<div class=\"form-group\">\n\t\t\t<p><input class=\"wpcf7-form-control wpcf7-submit has-spinner btn btn-sm btn-md btn-primary\" type=\"submit\" value=\"Enviar\">\n\t\t\t<\/p>\n\t\t<\/div>\n\t<\/fieldset>\n<\/div>\n<div class=\"wpcf7-response-output\" aria-hidden=\"true\"><\/div>\n<\/form>\n<\/div>\n[vc_row_inner][vc_column_inner][vc_column_text]Puede <strong><em><u>ponerse en contacto con <a href=\"https:\/\/jobufer.com\/index.php\/la-empresa-jobuf%E2%80%A6egetal-reciclado\/\">Jobufer<\/a><\/u><\/em><\/strong> a trav\u00e9s del correo electr\u00f3nico o llamando a los tel\u00e9fonos \u00a0<strong>+34 968 337 717<\/strong> \u00a0o\u00a0 <strong>680 633 340<\/strong>. Estaremos encantados de atenderle, tanto para facilitar informaci\u00f3n de nuestros servicios, como para la recogida de residuos no peligrosos de aceite vegetal usado, siempre respetando<a href=\"https:\/\/www.boe.es\/buscar\/act.php?id=BOE-A-2022-5809\" target=\"_blank\" rel=\"noopener\"> La Ley 7\/2022, de 8 de abril,<\/a> de residuos y suelos contaminados para una econom\u00eda circular, publicada el 9 de abril de 2022.\n<p><img loading=\"lazy\" decoding=\"async\" class=\"aligncenter wp-image-1954\" src=\"https:\/\/jobufer.com\/wp-content\/uploads\/2020\/05\/renewable-icon-hover-300x300.png\" alt=\"Contacto\" width=\"114\" height=\"114\" srcset=\"https:\/\/jobufer.com\/wp-content\/uploads\/2020\/05\/renewable-icon-hover-300x300.png 300w, https:\/\/jobufer.com\/wp-content\/uploads\/2020\/05\/renewable-icon-hover-100x100.png 100w, https:\/\/jobufer.com\/wp-content\/uploads\/2020\/05\/renewable-icon-hover-150x150.png 150w, https:\/\/jobufer.com\/wp-content\/uploads\/2020\/05\/renewable-icon-hover.png 497w\" sizes=\"auto, (max-width: 114px) 100vw, 114px\">[\/vc_column_text][\/vc_column_inner][\/vc_row_inner][\/vc_column][\/vc_row][vc_row full_width=\u00bbstretch_row_content_no_spaces\u00bb][vc_column][vc_gmaps link=\u00bb#E-8_JTNDaWZyYW1lJTIwc3JjJTNEJTIyaHR0cHMlM0ElMkYlMkZ3d3cuZ29vZ2xlLmNvbSUyRm1hcHMlMkZlbWJlZCUzRnBiJTNEJTIxMW0xOCUyMTFtMTIlMjExbTMlMjExZDMxNTkuOTgxMzUwMzE5MTQxNyUyMTJkLTAuOTA0NjUzMzQ4OTEyNjcxOSUyMTNkMzcuNjI2MTI2NDc5Njg3NyUyMTJtMyUyMTFmMCUyMTJmMCUyMTNmMCUyMTNtMiUyMTFpMTAyNCUyMTJpNzY4JTIxNGYxMy4xJTIxM20zJTIxMW0yJTIxMXMweGQ2MzNmZWM1ZTgyZDhiNSUyNTNBMHhmMzQyNDVlYjRlNTUyODFkJTIxMnNKb2J1ZmVyJTI1MjBTbCUyMTVlMCUyMTNtMiUyMTFzZXMlMjEyc2VzJTIxNHYxNjEwNzEwMjM5NjM3JTIxNW0yJTIxMXNlcyUyMTJzZXMlMjIlMjB3aWR0aCUzRCUyMjYwMCUyMiUyMGhlaWdodCUzRCUyMjQ1MCUyMiUyMGZyYW1lYm9yZGVyJTNEJTIyMCUyMiUyMHN0eWxlJTNEJTIyYm9yZGVyJTNBMCUzQiUyMiUyMGFsbG93ZnVsbHNjcmVlbiUzRCUyMiUyMiUyMGFyaWEtaGlkZGVuJTNEJTIyZmFsc2UlMjIlMjB0YWJpbmRleCUzRCUyMjAlMjIlM0UlM0MlMkZpZnJhbWUlM0U=\u00bb size=\u00bb500px\u00bb css=\u00bb.vc_custom_1610710255459{margin-bottom: 0px !important;}\u00bb][\/vc_column][\/vc_row]<\/p>\n<\/div>","protected":false},"excerpt":{"rendered":"<p>[vc_row full_width=\u00bbstretch_row\u00bb css=\u00bb.vc_custom_1489064681653{padding-top: 130px !important;padding-bottom: 120px !important;background-color: #ffffff !important;}\u00bb el_id=\u00bbcontact\u00bb][vc_column offset=\u00bbvc_col-lg-offset-2 vc_col-lg-8 vc_col-md-offset-2 vc_col-md-8 vc_col-xs-12\u2033 el_class=\u00bbtext-center\u00bb][vc_column_text] P\u00f3ngase en contacto con la empresa [\/vc_column_text][vc_row_inner][vc_column_inner][vc_column_text]Puede ponerse en contacto con Jobufer a trav\u00e9s del correo electr\u00f3nico o llamando a los tel\u00e9fonos \u00a0+34 968 337 717 \u00a0o\u00a0 680 633 340. Estaremos encantados de atenderle, tanto para facilitar informaci\u00f3n de [&hellip;]<\/p>\n","protected":false},"author":1,"featured_media":2516,"parent":0,"menu_order":7,"comment_status":"closed","ping_status":"closed","template":"custom-page.php","meta":{"rop_custom_images_group":[],"rop_custom_messages_group":[],"rop_publish_now":"initial","rop_publish_now_accounts":{"facebook_391207609099785_107747471705101":"","twitter_1455864053738483718_1455864053738483718":""},"rop_publish_now_history":[],"rop_publish_now_status":"pending","footnotes":""},"class_list":["post-1102","page","type-page","status-publish","has-post-thumbnail","hentry"],"meta_box":{"nt_forester_menutype":"p","nt_forester_section_name":[],"nt_forester_section_url":[],"nt_forester_page_nav_bgcolor":"#dddddd","nt_forester_page_sticky_bg":"","nt_forester_page_nav_color":"","nt_forester_page_nav_hovercolor":"","nt_forester_page_nav_border_color":"","nt_forester_footer_display":"0","nt_forester_f_bgcolor":"","nt_forester_f_border_t_c":"","nt_forester_f_text_c":"","nt_forester_f_social_bg":"","nt_forester_f_social_i_c":"","nt_forester_page_hero_display":"0","nt_forester_page_bg_image":[{"width":150,"height":150,"file":"2021\/02\/biodiesel.jpg","sizes":{"medium":{"file":"biodiesel-300x106.jpg","width":300,"height":106,"mime-type":"image\/jpeg","url":"https:\/\/jobufer.com\/wp-content\/uploads\/2021\/02\/biodiesel-300x106.jpg"},"large":{"file":"biodiesel-1024x361.jpg","width":1024,"height":361,"mime-type":"image\/jpeg","url":"https:\/\/jobufer.com\/wp-content\/uploads\/2021\/02\/biodiesel-1024x361.jpg"},"thumbnail":{"file":"biodiesel-150x150.jpg","width":150,"height":150,"mime-type":"image\/jpeg","url":"https:\/\/jobufer.com\/wp-content\/uploads\/2021\/02\/biodiesel-150x150.jpg"},"medium_large":{"file":"biodiesel-768x271.jpg","width":768,"height":271,"mime-type":"image\/jpeg","url":"https:\/\/jobufer.com\/wp-content\/uploads\/2021\/02\/biodiesel-768x271.jpg"},"1536x1536":{"file":"biodiesel-1536x542.jpg","width":1536,"height":542,"mime-type":"image\/jpeg","url":"https:\/\/jobufer.com\/wp-content\/uploads\/2021\/02\/biodiesel-1536x542.jpg"}},"image_meta":{"aperture":"0","credit":"","camera":"","caption":"","created_timestamp":"0","copyright":"","focal_length":"0","iso":"0","shutter_speed":"0","title":"","orientation":"0","keywords":[]},"ID":"3108","name":"biodiesel.jpg","path":"\/home\/ra26399\/public_html\/wp-content\/uploads\/2021\/02\/biodiesel.jpg","url":"https:\/\/jobufer.com\/wp-content\/uploads\/2021\/02\/biodiesel-150x150.jpg","full_url":"https:\/\/jobufer.com\/wp-content\/uploads\/2021\/02\/biodiesel.jpg","title":"biodiesel","caption":"","description":"","alt":"surtidor de biodiesel","srcset":false}],"nt_forester_page_bg_color":"","nt_forester_page_header_height":"","nt_forester_header_p_top":"","nt_forester_header_p_bottom":"","nt_forester_title_display":"0","nt_forester_use_bigtitle":"0","nt_forester_alt_title":"","nt_forester_page_title_color":"","nt_forester_page_title_mb":"","nt_forester_disable_subtitle":"0","nt_forester_subtitle":"","nt_forester_page_subtitle_color":"","nt_forester_page_subtitle_maxw":"","nt_forester_page_subtitle_mb":"","nt_forester_page_bread_display":"0","nt_forester_page_herobtn_display":"0","nt_forester_page_herobtn_linktype":"internal","nt_forester_page_herobtn":"Solicitar retirada de aceite usado","nt_forester_page_herobtn_url":"https:\/\/jobufer.com\/index.php\/recogida\/","nt_forester_page_herobtn_icon_display":"1","nt_forester_page_herobtn_icon":"","nt_forester_page_herobtn_iconpos":"before","nt_forester_page_herobtn_bg":"btn-primary","nt_forester_page_herobtn_custombg":"","nt_forester_page_herobtn_hoverbg":"","nt_forester_page_herobtn_titlecolor":"","nt_forester_page_herobtn_titlehover":"","nt_forester_page_herobtn_size":"btn-lg","nt_forester_pagelayout":"right-sidebar"},"_links":{"self":[{"href":"https:\/\/jobufer.com\/index.php\/wp-json\/wp\/v2\/pages\/1102","targetHints":{"allow":["GET"]}}],"collection":[{"href":"https:\/\/jobufer.com\/index.php\/wp-json\/wp\/v2\/pages"}],"about":[{"href":"https:\/\/jobufer.com\/index.php\/wp-json\/wp\/v2\/types\/page"}],"author":[{"embeddable":true,"href":"https:\/\/jobufer.com\/index.php\/wp-json\/wp\/v2\/users\/1"}],"replies":[{"embeddable":true,"href":"https:\/\/jobufer.com\/index.php\/wp-json\/wp\/v2\/comments?post=1102"}],"version-history":[{"count":33,"href":"https:\/\/jobufer.com\/index.php\/wp-json\/wp\/v2\/pages\/1102\/revisions"}],"predecessor-version":[{"id":4334,"href":"https:\/\/jobufer.com\/index.php\/wp-json\/wp\/v2\/pages\/1102\/revisions\/4334"}],"wp:featuredmedia":[{"embeddable":true,"href":"https:\/\/jobufer.com\/index.php\/wp-json\/wp\/v2\/media\/2516"}],"wp:attachment":[{"href":"https:\/\/jobufer.com\/index.php\/wp-json\/wp\/v2\/media?parent=1102"}],"curies":[{"name":"wp","href":"https:\/\/api.w.org\/{rel}","templated":true}]}}