{"id":1412,"date":"2017-07-19T08:23:32","date_gmt":"2017-07-19T08:23:32","guid":{"rendered":"https:\/\/ninetheme.com\/themes\/forester\/?page_id=1412"},"modified":"2025-06-30T10:43:38","modified_gmt":"2025-06-30T10:43:38","slug":"la-empresa-jobufer-gestores-residuos-aceite-vegetal-reciclado","status":"publish","type":"page","link":"https:\/\/jobufer.com\/index.php\/la-empresa-jobufer-gestores-residuos-aceite-vegetal-reciclado\/","title":{"rendered":"La Empresa"},"content":{"rendered":"<div class=\"wpb-content-wrapper\">\n<p>[vc_row][vc_column][vc_text_separator title=\u00bbCONOCE A JOBUFER\u00bb color=\u00bbcustom\u00bb accent_color=\u00bb#1e73be\u00bb][\/vc_column][\/vc_row][vc_row][vc_column width=\u00bb1\/2\u2033][vc_column_text]<\/p>\n<h2><span style=\"color: #375ba0;\"><strong>RECOGIDA DE ACEITE USADO EN MURCIA<\/strong><\/span><\/h2>\n<p><span style=\"color: #1e73be;\"><span style=\"color: #333333;\">En<\/span><span style=\"color: #375ba0;\"><strong><em> la Empresa<\/em><em> <span class=\"tm7\">JOBUFER S.L.<\/span><\/em><\/strong><\/span><\/span> somos<strong> gestores<\/strong> y transportistas de <strong>residuos<\/strong> no peligrosos (<em>aceite vegetal usado<\/em>). Estamos situados en la Comunidad Aut\u00f3noma de la Regi\u00f3n de Murcia, concretamente en el Municipio de La Uni\u00f3n. Disponemos de planta propia de valorizaci\u00f3n y tratamiento del producto para su env\u00edo final a la fabricaci\u00f3n de <span style=\"color: #375ba0;\"><strong>biodiesel<\/strong><\/span> (gasoil ecol\u00f3gico cuyas emisiones a la atm\u00f3sfera son mucho menos elevadas que el petr\u00f3leo y disminuyen considerablemente la cantidad de CO<sub>2<\/sub>, contribuyendo 100% con el medio ambiente), siendo el compromiso de reciclado la mayor de nuestras prioridades.<\/p>\n<h3><span style=\"color: #a6b218;\">JOBUFER S.L: Gestores de residuos de aceite vegetal desde hace mas de 24 a\u00f1os<\/span><\/h3>\n<p>En<em><strong> <span class=\"tm7\"><span style=\"color: #375ba0;\">JOBUFER S.L.<\/span><\/span><\/strong><\/em> nos avalan m\u00e1s de 24 a\u00f1os de servicio y dedicaci\u00f3n\u00a0al sector del <span style=\"color: #a6b218;\"><em><strong><u>reciclado<\/u><\/strong><\/em><em>\u00a0de aceite vegetal<\/em><\/span> en las provincias de <span style=\"color: #375ba0;\"><strong>Murcia<\/strong>,<\/span> <strong><span style=\"color: #375ba0;\">Almer\u00eda<\/span><\/strong> y <strong><span style=\"color: #375ba0;\">Alicante<\/span><\/strong> trabajando, como <em>gestores,<\/em> con grandes y peque\u00f1os productores de residuos en diversos sectores como el <strong>sector<span style=\"color: #375ba0;\">\u00a0<\/span><\/strong><span style=\"color: #375ba0;\"><a style=\"color: #375ba0;\" href=\"https:\/\/www.grupohoreca.es\/\"><strong>Horeca<\/strong><\/a><\/span> (<em>Hoteles, Restaurantes, Bares, Comidas para llevar, Catering, Franquicias\u2026<\/em>), el <strong>Sector \u00a0<span style=\"color: #375ba0;\">Sanitario<\/span><\/strong> (<em>Hospitales , Residencias\u2026<\/em>), el <strong>Sector \u00a0<span style=\"color: #375ba0;\">Educativo<\/span><\/strong> (<em>Centros educativos de sector p\u00fablico y privado<\/em>) y el <span style=\"color: #375ba0;\"><strong>Sector Industrial<\/strong><\/span>\u00a0(<em>Fabricas industriales y alimentarias<\/em>).<\/p>\n<p style=\"text-align: justify;\"><span style=\"color: #375ba0;\"><strong><em>La Empresa<\/em> <\/strong><\/span>dispone, desde finales del a\u00f1o 2012, de una <span style=\"color: #375ba0;\"><em>Planta de<\/em> <em>Valorizaci\u00f3n y Tratamiento de Aceite Vegetal Usado<\/em><\/span>, siendo la \u00fanica planta de gestores de este subproducto en toda la Comunidad Aut\u00f3noma de la Regi\u00f3n de Murcia. La recogida es realizada por nuestra propia flota de veh\u00edculos, habilitados para dicho trabajo e impulsados por <span style=\"color: #375ba0;\"><strong>Biodiesel B-30% <\/strong><span style=\"color: #333333;\">reciclado<\/span><\/span> (realizado con material biol\u00f3gico reciclado. En nuestro caso, de aceites vegetales en un 30% de compuesto procedente del reciclado).<\/p>\n<p style=\"text-align: justify;\"><span style=\"color: #333333;\">En <span class=\"tm7\"><span style=\"color: #375ba0;\"><strong><em>JOBUFER S.L<\/em><\/strong><\/span><\/span><em><span style=\"color: #375ba0;\"><strong>\u00a0<\/strong><\/span><\/em><\/span>tenemos acuerdos suscritos con distintos Ayuntamientos de la<strong> Regi\u00f3n de Murcia<\/strong> y otros de las provincias de<strong> Alicante <\/strong><em>(Comunidad Valenciana)<\/em> y<strong> Almer\u00eda<\/strong> <em>(Comunidad Aut\u00f3noma de Andaluc\u00eda)<\/em> para la distribuci\u00f3n de los recipientes contenedores de residuos de aceite vegetal y su posterior recogida de la v\u00eda p\u00fablica. De esta manera la empresa contribuye a evitar el vertido de estos residuos a las depuradoras pertenecientes a esos municipios.<\/p>\n<p>\u00a0<\/p>\n<h3><span style=\"color: #a6b218;\"><strong>LA EMPRESA, COMPROMETIDA CON EL MEDIO AMBIENTE Y EL RECICLADO<\/strong><\/span><\/h3>\n<p>\u00a0<\/p>\n<p style=\"text-align: justify;\"><span class=\"tm7\"><span style=\"color: #375ba0;\"><strong><em>JOBUFER S.L<\/em><\/strong>.<\/span><\/span> es una empresa\u00a0<em>comprometida<\/em> con el medio ambiente y la sostenibilidad. Posee la Certificaci\u00f3n<span style=\"color: #375ba0;\"><strong>\u00a0ISCC-EU <\/strong><\/span>a trav\u00e9s de <span style=\"color: #a6b218;\"><a style=\"color: #a6b218;\" href=\"https:\/\/www.bureauveritas.es\/\" target=\"_blank\" rel=\"noopener\"> Bureau Veritas <\/a><\/span>\u00a0[<em>Certificaci\u00f3n de Biomasa y Bioenerg\u00eda avalado por la Directiva Europea de Energ\u00edas renovables<\/em> (RED)] y el reciente galard\u00f3n <em>\u00ab<span style=\"color: #375ba0;\"><strong>PREMIO AL DESARROLLO SOSTENIBLE<\/strong><\/span><\/em><em>\u00bb, <\/em>recibido por la Direcci\u00f3n de Medio Ambiente, dependiente de la Consejer\u00eda de Presidencia de la Comunidad Aut\u00f3noma de la Regi\u00f3n de Murcia.<\/p>\n<p style=\"text-align: justify;\">Tambi\u00e9n somos miembros activos de <span style=\"color: #a6b218;\"><em><strong><a style=\"color: #a6b218;\" href=\"http:\/\/www.geregras.es\/\" target=\"_blank\" rel=\"noopener\">GEREGRAS<\/a><\/strong><\/em><\/span>, <strong><span style=\"color: #000000;\">Asociaci\u00f3n Espa\u00f1ola de gestores de residuos de aceite vegetal y grasas vegetales<\/span><\/strong>, donde actuamos conjuntamente con otras empresas y entidades dentro del campo del reciclado de aceites y grasas vegetales, luchando contra la contaminaci\u00f3n y mejorando el medio ambiente.<\/p>\n<p>\u00a0<\/p>\n<p><img loading=\"lazy\" decoding=\"async\" class=\"aligncenter wp-image-4425 \" src=\"https:\/\/jobufer.com\/wp-content\/uploads\/2025\/06\/02-bureau-veritas-768x354-1.png\" alt=\"\" width=\"488\" height=\"225\" srcset=\"https:\/\/jobufer.com\/wp-content\/uploads\/2025\/06\/02-bureau-veritas-768x354-1.png 768w, https:\/\/jobufer.com\/wp-content\/uploads\/2025\/06\/02-bureau-veritas-768x354-1-300x138.png 300w\" sizes=\"auto, (max-width: 488px) 100vw, 488px\">[\/vc_column_text][\/vc_column][vc_column width=\u00bb1\/2\u2033][vc_gallery type=\u00bbnivo\u00bb interval=\u00bb3\u2033 images=\u00bb7,2962,2965\u2033 img_size=\u00bblarge\u00bb][vc_single_image image=\u00bb4425\u2033 img_size=\u00bbmedium\u00bb alignment=\u00bbright\u00bb onclick=\u00bblink_image\u00bb css_animation=\u00bbbounceInLeft\u00bb][\/vc_column][\/vc_row][vc_row full_width=\u00bbstretch_row\u00bb css=\u00bb.vc_custom_1613989259345{padding-top: 20px !important;padding-bottom: 40px !important;background-color: #f2f4ec !important;}\u00bb nt_row_loop_breakpoint=\u00bb%5B%7B%7D%5D\u00bb][vc_column width=\u00bb1\/2\u2033][vc_single_image image=\u00bb3160\u2033 img_size=\u00bb177\u00d7150\u2033 alignment=\u00bbcenter\u00bb onclick=\u00bblink_image\u00bb css_animation=\u00bbbounceInRight\u00bb][\/vc_column][vc_column width=\u00bb1\/2\u2033][vc_single_image image=\u00bb3164\u2033 img_size=\u00bb214\u00d7150\u2033 alignment=\u00bbcenter\u00bb onclick=\u00bblink_image\u00bb css_animation=\u00bbbounceInRight\u00bb][\/vc_column][\/vc_row][vc_row full_width=\u00bbstretch_row\u00bb css=\u00bb.vc_custom_1610876209439{margin-bottom: 0px !important;padding-bottom: 20px !important;background-color: #333333 !important;}\u00bb nt_row_loop_breakpoint=\u00bb%5B%7B%7D%5D\u00bb][vc_column width=\u00bb1\/4\u2033][vc_icon icon_fontawesome=\u00bbfas fa-tint\u00bb color=\u00bbcustom\u00bb size=\u00bbxl\u00bb align=\u00bbcenter\u00bb css_animation=\u00bbbounceInUp\u00bb custom_color=\u00bb#ffcc00\u2033]<\/p>\n<div class=\"fact-container black text-center\"><div class=\"fact\">\n<h1 class=\"counter\" style=\" color:#ffffff!important;\">86000<\/h1>\n<h3 style=\" color:#ffffff!important;\">Litros acite reciclado<\/h3>\n<\/div><\/div>[\/vc_column][vc_column width=\u00bb1\/4\u2033][vc_icon icon_fontawesome=\u00bbfas fa-recycle\u00bb color=\u00bbcustom\u00bb size=\u00bbxl\u00bb align=\u00bbcenter\u00bb css_animation=\u00bbbounceInUp\u00bb custom_color=\u00bb#3cbf00\u2033]<div class=\"fact-container black text-center\"><div class=\"fact\">\n<h1 class=\"counter\" style=\" color:#ffffff!important;\">120<\/h1>\n<h3 style=\" color:#ffffff!important;\">Contenedores<\/h3>\n<\/div><\/div>[\/vc_column][vc_column width=\u00bb1\/4\u2033][vc_icon icon_fontawesome=\u00bbfas fa-truck\u00bb color=\u00bbcustom\u00bb size=\u00bbxl\u00bb align=\u00bbcenter\u00bb css_animation=\u00bbbounceInUp\u00bb custom_color=\u00bb#1e73be\u00bb]<div class=\"fact-container black text-center\"><div class=\"fact\">\n<h1 class=\"counter\" style=\" color:#ffffff!important;\">16<\/h1>\n<h3 style=\" color:#ffffff!important;\">Veh\u00edculos Biodiesel<\/h3>\n<\/div><\/div>[\/vc_column][vc_column width=\u00bb1\/4\u2033][vc_icon icon_fontawesome=\u00bbfas fa-users\u00bb color=\u00bbcustom\u00bb size=\u00bbxl\u00bb align=\u00bbcenter\u00bb css_animation=\u00bbbounceInUp\u00bb custom_color=\u00bb#ff0000\u2033]<div class=\"fact-container black text-center\"><div class=\"fact\">\n<h1 class=\"counter\" style=\" color:#ffffff!important;\">18<\/h1>\n<h3 style=\" color:#ffffff!important;\">personas empleadas<\/h3>\n<\/div><\/div>[\/vc_column][\/vc_row]\n<\/div>","protected":false},"excerpt":{"rendered":"<p>[vc_row][vc_column][vc_text_separator title=\u00bbCONOCE A JOBUFER\u00bb color=\u00bbcustom\u00bb accent_color=\u00bb#1e73be\u00bb][\/vc_column][\/vc_row][vc_row][vc_column width=\u00bb1\/2\u2033][vc_column_text] RECOGIDA DE ACEITE USADO EN MURCIA En la Empresa JOBUFER S.L. somos gestores y transportistas de residuos no peligrosos (aceite vegetal usado). Estamos situados en la Comunidad Aut\u00f3noma de la Regi\u00f3n de Murcia, concretamente en el Municipio de La Uni\u00f3n. Disponemos de planta propia de valorizaci\u00f3n y tratamiento [&hellip;]<\/p>\n","protected":false},"author":1,"featured_media":0,"parent":0,"menu_order":2,"comment_status":"closed","ping_status":"closed","template":"","meta":{"rop_custom_images_group":[],"rop_custom_messages_group":[],"rop_publish_now":"initial","rop_publish_now_accounts":{"facebook_391207609099785_107747471705101":"","twitter_1455864053738483718_1455864053738483718":""},"rop_publish_now_history":[],"rop_publish_now_status":"pending","footnotes":""},"class_list":["post-1412","page","type-page","status-publish","hentry"],"meta_box":{"nt_forester_menutype":"m","nt_forester_section_name":[],"nt_forester_section_url":[],"nt_forester_page_nav_bgcolor":"","nt_forester_page_sticky_bg":"","nt_forester_page_nav_color":"","nt_forester_page_nav_hovercolor":"","nt_forester_page_nav_border_color":"","nt_forester_footer_display":"0","nt_forester_f_bgcolor":"","nt_forester_f_border_t_c":"","nt_forester_f_text_c":"","nt_forester_f_social_bg":"","nt_forester_f_social_i_c":"","nt_forester_page_hero_display":"0","nt_forester_page_bg_image":[{"width":150,"height":150,"file":"2021\/01\/vista_aerea.jpg","sizes":{"medium":{"file":"vista_aerea-300x107.jpg","width":300,"height":107,"mime-type":"image\/jpeg","url":"https:\/\/jobufer.com\/wp-content\/uploads\/2021\/01\/vista_aerea-300x107.jpg"},"large":{"file":"vista_aerea-1024x366.jpg","width":1024,"height":366,"mime-type":"image\/jpeg","url":"https:\/\/jobufer.com\/wp-content\/uploads\/2021\/01\/vista_aerea-1024x366.jpg"},"thumbnail":{"file":"vista_aerea-150x150.jpg","width":150,"height":150,"mime-type":"image\/jpeg","url":"https:\/\/jobufer.com\/wp-content\/uploads\/2021\/01\/vista_aerea-150x150.jpg"},"medium_large":{"file":"vista_aerea-768x275.jpg","width":768,"height":275,"mime-type":"image\/jpeg","url":"https:\/\/jobufer.com\/wp-content\/uploads\/2021\/01\/vista_aerea-768x275.jpg"}},"image_meta":{"aperture":"0","credit":"","camera":"","caption":"","created_timestamp":"0","copyright":"","focal_length":"0","iso":"0","shutter_speed":"0","title":"","orientation":"0","keywords":[]},"ID":"2955","name":"vista_aerea.jpg","path":"\/home\/ra26399\/public_html\/wp-content\/uploads\/2021\/01\/vista_aerea.jpg","url":"https:\/\/jobufer.com\/wp-content\/uploads\/2021\/01\/vista_aerea-150x150.jpg","full_url":"https:\/\/jobufer.com\/wp-content\/uploads\/2021\/01\/vista_aerea.jpg","title":"vista_aerea","caption":"","description":"","alt":"","srcset":false}],"nt_forester_page_bg_color":"","nt_forester_page_header_height":"","nt_forester_header_p_top":"","nt_forester_header_p_bottom":"","nt_forester_title_display":"0","nt_forester_use_bigtitle":"0","nt_forester_alt_title":"","nt_forester_page_title_color":"","nt_forester_page_title_mb":"","nt_forester_disable_subtitle":"0","nt_forester_subtitle":"","nt_forester_page_subtitle_color":"","nt_forester_page_subtitle_maxw":"","nt_forester_page_subtitle_mb":"","nt_forester_page_bread_display":"0","nt_forester_page_herobtn_display":"1","nt_forester_page_herobtn_linktype":"external","nt_forester_page_herobtn":"","nt_forester_page_herobtn_url":"","nt_forester_page_herobtn_icon_display":"0","nt_forester_page_herobtn_icon":"","nt_forester_page_herobtn_iconpos":"before","nt_forester_page_herobtn_bg":"btn-primary","nt_forester_page_herobtn_custombg":"","nt_forester_page_herobtn_hoverbg":"","nt_forester_page_herobtn_titlecolor":"","nt_forester_page_herobtn_titlehover":"","nt_forester_page_herobtn_size":"btn-sm","nt_forester_pagelayout":"right-sidebar"},"_links":{"self":[{"href":"https:\/\/jobufer.com\/index.php\/wp-json\/wp\/v2\/pages\/1412","targetHints":{"allow":["GET"]}}],"collection":[{"href":"https:\/\/jobufer.com\/index.php\/wp-json\/wp\/v2\/pages"}],"about":[{"href":"https:\/\/jobufer.com\/index.php\/wp-json\/wp\/v2\/types\/page"}],"author":[{"embeddable":true,"href":"https:\/\/jobufer.com\/index.php\/wp-json\/wp\/v2\/users\/1"}],"replies":[{"embeddable":true,"href":"https:\/\/jobufer.com\/index.php\/wp-json\/wp\/v2\/comments?post=1412"}],"version-history":[{"count":70,"href":"https:\/\/jobufer.com\/index.php\/wp-json\/wp\/v2\/pages\/1412\/revisions"}],"predecessor-version":[{"id":4433,"href":"https:\/\/jobufer.com\/index.php\/wp-json\/wp\/v2\/pages\/1412\/revisions\/4433"}],"wp:attachment":[{"href":"https:\/\/jobufer.com\/index.php\/wp-json\/wp\/v2\/media?parent=1412"}],"curies":[{"name":"wp","href":"https:\/\/api.w.org\/{rel}","templated":true}]}}