{"id":3,"date":"2020-10-27T09:47:24","date_gmt":"2020-10-27T09:47:24","guid":{"rendered":"https:\/\/jobufer.com\/?page_id=3"},"modified":"2025-06-30T10:20:00","modified_gmt":"2025-06-30T10:20:00","slug":"politica-privacidad-datos-personales-cookies","status":"publish","type":"page","link":"https:\/\/jobufer.com\/index.php\/politica-privacidad-datos-personales-cookies\/","title":{"rendered":"Pol\u00edtica de Privacidad"},"content":{"rendered":"<div class=\"wpb-content-wrapper\">\n<p>[vc_row][vc_column][vc_column_text]<\/p>\r\n<h2 style=\"text-align: right;\">Espa\u00f1ol<\/h2>\r\n<h2>Quienes somos<\/h2>\r\n<p>Somos Jobufer, una empresa de reciclado de residuos no peligrosos de aceite vegetal, en la que tambi\u00e9n queremos transparentarnos en la obtenci\u00f3n de datos personales mediante cookies para la mejora del servicio al cliente. La direcci\u00f3n de nuestro sitio web es: <a href=\"https:\/\/jobufer.com\">https:\/\/jobufer.com<\/a>.\u00a0<\/p>\r\n<p>\u00a0<\/p>\r\n<h2><strong><em>Qu\u00e9 datos personales recopilamos y por qu\u00e9 los recopilamos<\/em><\/strong><\/h2>\r\n<h3><strong><em><u>Comentarios<\/u><\/em><\/strong><\/h3>\r\n<p>Cuando los visitantes dejan comentarios en la web, recopilamos los datos que se muestran en el formulario de comentarios mediante cookies, y tambi\u00e9n la direcci\u00f3n IP del visitante y la cadena del agente de usuario del navegador para ayudar a la detecci\u00f3n de spam.<\/p>\r\n<p>Se puede proporcionar una cadena an\u00f3nima creada a partir de su direcci\u00f3n de correo electr\u00f3nico (tambi\u00e9n llamada hash) al servicio <a href=\"https:\/\/es.gravatar.com\/\">Gravatar<\/a> para ver si la est\u00e1 utilizando. La pol\u00edtica de privacidad del servicio <a href=\"https:\/\/es.gravatar.com\/\">Gravatar<\/a> est\u00e1 disponible aqu\u00ed: <a href=\"https:\/\/automattic.com\/privacy\/\">https:\/\/automattic.com\/privacy\/<\/a>. Tras la aprobaci\u00f3n de su comentario, su foto de perfil ser\u00e1 visible para el p\u00fablico en el contexto de su comentario.<\/p>\r\n<p>\u00a0<\/p>\r\n<h3><strong><em><u>Medios de comunicaci\u00f3n<\/u><\/em><\/strong><\/h3>\r\n<p>Si carga im\u00e1genes en el sitio web, debe evitar cargar im\u00e1genes con informaci\u00f3n de ubicaci\u00f3n incrustada (GPS EXIF) incluida. Los visitantes del sitio web pueden descargar y extraer los datos de ubicaci\u00f3n de las im\u00e1genes del sitio web.<\/p>\r\n<h3><strong><em><u>Formularios de contacto<\/u><\/em><\/strong><\/h3>\r\n<h3><strong><em><u>Cookies<\/u><\/em><\/strong><\/h3>\r\n<p>Si deja un comentario en nuestro sitio, puede optar por guardar su nombre, direcci\u00f3n de correo electr\u00f3nico y sitio web en cookies. Los cuales se usar\u00e1n para que no tenga que volver a introducir sus datos cuando quiera dejar otro comentario. Estas cookies durar\u00e1n un a\u00f1o.<\/p>\r\n<p>Si visita nuestra p\u00e1gina de inicio de sesi\u00f3n, configuraremos una cookie temporal para determinar si su navegador acepta cookies. Esta cookie no contiene <u>datos personales<\/u>\u00a0y se descarta cuando cierra su navegador.<\/p>\r\n<p>\u00a0<\/p>\r\n<p>Cuando inicie sesi\u00f3n, tambi\u00e9n configuraremos varias cookies para guardar su informaci\u00f3n de inicio de sesi\u00f3n y sus opciones de visualizaci\u00f3n de pantalla. Las cookies de inicio de sesi\u00f3n duran dos d\u00edas y las cookies de opciones de pantalla duran un a\u00f1o. Si selecciona \u00abRecordarme\u00bb, su inicio de sesi\u00f3n se mantendr\u00e1 durante dos semanas. Si cierra sesi\u00f3n en su cuenta, se eliminar\u00e1n las cookies de inicio de sesi\u00f3n.<\/p>\r\n<p>Si edita o publica un art\u00edculo, se guardar\u00e1 una cookie adicional en su navegador. Esta cookie no incluye <u>datos personales<\/u>\u00a0y simplemente indica el ID de publicaci\u00f3n del art\u00edculo que acaba de editar. Caduca tras un 1 d\u00eda.<\/p>\r\n<h3><strong><em><u>Contenido incrustado de otros sitios web<\/u><\/em><\/strong><\/h3>\r\n<p>Los art\u00edculos de este sitio pueden incluir contenido incrustado (por ejemplo, videos, im\u00e1genes, art\u00edculos, etc.). El contenido incrustado de otros sitios web se comporta exactamente de la misma manera que si el visitante hubiera visitado el otro sitio web.<\/p>\r\n<p>\u00a0<\/p>\r\n<p>Estos sitios web pueden recopilar datos sobre usted, usar cookies, incrustar un seguimiento adicional de terceros y monitorear su interacci\u00f3n con ese contenido incrustado, incluido el seguimiento de su interacci\u00f3n con el contenido incrustado si tiene una cuenta y ha iniciado sesi\u00f3n en ese sitio web.<\/p>\r\n<p>\u00a0<\/p>\r\n<h3><strong><em><u>Anal\u00edtica<\/u><\/em><\/strong><\/h3>\r\n<h2><strong><em>Con qui\u00e9n compartimos sus datos<\/em><\/strong><\/h2>\r\n<h2><strong><em>Cu\u00e1nto tiempo conservamos sus datos<\/em><\/strong><\/h2>\r\n<p>Si deja un comentario, el comentario y sus metadatos se conservan indefinidamente. Esto es para que podamos reconocer y aprobar cualquier comentario de seguimiento autom\u00e1ticamente en lugar de mantenerlos en una cola de moderaci\u00f3n.<\/p>\r\n<p>Para los usuarios que se registran en nuestro sitio web (si corresponde), tambi\u00e9n almacenamos la informaci\u00f3n personal que proporcionan en su perfil de usuario. Todos los usuarios pueden ver, editar o eliminar su informaci\u00f3n personal en cualquier momento (excepto que no pueden cambiar su nombre de usuario). Los administradores del sitio web tambi\u00e9n pueden ver y editar esa informaci\u00f3n.<\/p>\r\n<p>\u00a0<\/p>\r\n<h3><strong><em><u>Que derechos tienes sobre tus datos<\/u><\/em><\/strong><\/h3>\r\n<p>Si tiene una cuenta en este sitio o ha dejado comentarios, puede solicitar recibir un archivo exportado de los datos personales que tenemos sobre usted, incluidos los datos que nos haya proporcionado. Tambi\u00e9n puede solicitar que borremos cualquier dato personal que tengamos sobre usted. Esto no incluye ning\u00fan dato que estemos obligados a conservar con fines administrativos, legales o de seguridad.<\/p>\r\n<p>\u00a0<\/p>\r\n<h3><strong><em><u>A donde enviamos sus datos<\/u><\/em><\/strong><\/h3>\r\n<p>Los comentarios y datos personales, conseguidos mediante cookies, de los visitantes se pueden verificar a trav\u00e9s de un servicio autom\u00e1tico de detecci\u00f3n de spam.<\/p>\r\n<h3><strong><em><u>Tu informaci\u00f3n de contacto<\/u><\/em><\/strong><\/h3>\r\n<h3><strong><em><u>Informaci\u00f3n adicional<\/u><\/em><\/strong><\/h3>\r\n<h3><strong><em><u>C\u00f3mo protegemos sus datos<\/u><\/em><\/strong><\/h3>\r\n<h3><strong><em><u>Qu\u00e9 procedimientos de violaci\u00f3n de datos tenemos implementados<\/u><\/em><\/strong><\/h3>\r\n<h3><strong><em><u>De qu\u00e9 terceros recibimos datos<\/u><\/em><\/strong><\/h3>\r\n<h3><strong><em><u>Qu\u00e9 toma de decisiones automatizada y \/ o elaboraci\u00f3n de perfiles hacemos con los datos del usuario<\/u><\/em><\/strong><\/h3>\r\n<h3><strong><em><u>Requisitos de divulgaci\u00f3n reglamentarios de la industria<\/u><\/em><\/strong><\/h3>\r\n<p>[\/vc_column_text][\/vc_column][\/vc_row][vc_row][vc_column][\/vc_column][\/vc_row]<\/p>\r\n<p><\/p>\r\n<p><img loading=\"lazy\" decoding=\"async\" class=\"wp-image-2517 aligncenter\" src=\"https:\/\/jobufer.com\/wp-content\/uploads\/2020\/11\/bio-fuel-barrels-isolated-on-white-ecology-environ-WYMN7UK-300x225.jpg\" alt=\"datos personales, medios y cookies\" width=\"184\" height=\"138\" srcset=\"https:\/\/jobufer.com\/wp-content\/uploads\/2020\/11\/bio-fuel-barrels-isolated-on-white-ecology-environ-WYMN7UK-300x225.jpg 300w, https:\/\/jobufer.com\/wp-content\/uploads\/2020\/11\/bio-fuel-barrels-isolated-on-white-ecology-environ-WYMN7UK-1024x768.jpg 1024w, https:\/\/jobufer.com\/wp-content\/uploads\/2020\/11\/bio-fuel-barrels-isolated-on-white-ecology-environ-WYMN7UK-768x576.jpg 768w\" sizes=\"auto, (max-width: 184px) 100vw, 184px\"><\/p>\r\n<p>\u00a0<\/p>\r\n<p>\u00a0<\/p>\r\n<h3 class=\"wp-block-heading\"><em><strong>DATOS IDENTIFICATIVOS<\/strong><\/em><\/h3>\r\n<p>En cumplimiento con el deber de informaci\u00f3n recogido en art\u00edculo 10 de la Ley 34\/2002, de 11 de julio, de Servicios de la Sociedad de la Informaci\u00f3n y del Comercio Electr\u00f3nico, a continuaci\u00f3n se reflejan los siguientes datos:<br>La empresa titular del presente dominio web es JOBUFER SL, con domicilio a estos efectos en C\/MINA LA CUARTA ESQ. MINA LABERINTO S\/N n\u00famero de C.I.F.: B30681357 inscrita en el registro mercantil DE MURCIA Correo electr\u00f3nico de contacto: ADMINISTRACION@JOBUFER.COM<\/p>\r\n<h3><em><strong>USUARIOS<\/strong><\/em><\/h3>\r\n<p>El acceso y\/o uso de este portalo sitio web le atribuye la condici\u00f3n de USUARIO, que acepta, desde dicho acceso y\/o uso, las Condiciones Generales de Uso reflejadas en el presente aviso. Las Condiciones ser\u00e1n de aplicaci\u00f3n independientemente de las Condiciones Generales de Contrataci\u00f3n que en su caso resulten de obligado cumplimiento. En todo caso para cualquier fin especifico se pedira su consentimiento expreso.<\/p>\r\n<h3><em><strong>USO DEL PORTAL<\/strong><\/em><\/h3>\r\n<p>Nuestra web proporciona el acceso a informaciones, servicios, programas o datos (en adelante pasaremos a denominarlos como \u201clos contenidos\u201d) en Internet pertenecientes a Jobufer S.L. o a sus licenciantes a los que el USUARIO pueda tener acceso. El USUARIO asume la responsabilidad del correcto uso del portal. Dicha responsabilidad se extiende al registro que fuese necesario para acceder a determinados servicios o contenidos. En dicho registro el USUARIO ser\u00e1 responsable de aportar informaci\u00f3n veraz y l\u00edcita sobre sus datos. Como consecuencia de este registro, al USUARIO se le puede proporcionar una contrase\u00f1a de la que ser\u00e1 responsable, comprometi\u00e9ndose a hacer un uso diligente, \u00e9tico y confidencial de la misma. El USUARIO se compromete a hacer un uso adecuado de los contenidos y servicios (como por ejemplo servicios de chat, foros de discusi\u00f3n o grupos de noticias) que se ofrece a trav\u00e9s de su portal y con car\u00e1cter enunciativo pero no limitativo, a no emplearlos para:<\/p>\r\n<p>-Incurrir en actividades il\u00edcitas, ilegales o contrarias a la buena fe y al orden p\u00fablico;<\/p>\r\n<p>-Difundir contenidos o propaganda de car\u00e1cter racista, xen\u00f3fobo, pornogr\u00e1fico<\/p>\r\n<p>-ilegal, de apolog\u00eda del terrorismo o atentatorio contra los derechos humanos<\/p>\r\n<p>-Provocar da\u00f1os en los sistemas f\u00edsicos y l\u00f3gicos del propietario, de sus proveedores o de terceras personas, introducir o difundir en la red virus inform\u00e1ticos o cualesquiera otros sistemas f\u00edsicos o l\u00f3gicos que sean susceptibles de provocar los da\u00f1os anteriormente mencionados;<\/p>\r\n<p>-Intentar acceder y, en su caso, utilizar las cuentas de correo electr\u00f3nico de otros usuarios y modificar o manipular sus mensajes. El propietario del portal se reserva el derecho de retirar todos aquellos comentarios y aportaciones que vulneren el respeto a la dignidad de la persona, que sean discriminatorios, xen\u00f3fobos, racistas, pornogr\u00e1ficos, que atenten contra la juventud o la infancia, el orden o la seguridad p\u00fablica o que, a su juicio, no resultaran adecuados o convenientes para su publicaci\u00f3n. En cualquier caso, el propietario del por tal no ser\u00e1 responsable de las opiniones vertidas por los usuarios a trav\u00e9s de los foros, chats, u otras herramientas de participaci\u00f3n.<\/p>\r\n<p><em><strong>PROTECCI\u00d3N DE DATOS<\/strong><\/em><\/p>\r\n<p>El uso de los datos personales est\u00e1 definida en base al Reglamento General de Protecci\u00f3n de datos y la normativa espa\u00f1ola vigente. Con el fin de conseguir la m\u00e1xima transparencia y en base a nuestra pol\u00edtica proactiva le informamos:<\/p>\r\n<p><em>\u00bfPor qu\u00e9 solicitamos sus datos?<\/em><\/p>\r\n<p>\u00a0 \u00a0 \u00a0PARA UNA CORRECTA INFORMACION COMERCIAL<\/p>\r\n<p><em>\u00bfQu\u00e9 tipo de datos recabamos?<\/em><\/p>\r\n<p>\u00a0 \u00a0 \u00a0DE IDENTIFICACION: NIF, NOMBRE, DIRECCION, TELEFONO, EMAIL,\u2026<\/p>\r\n<p><em>\u00bfC\u00f3mo se recogen?<\/em><\/p>\r\n<p>\u00a0 \u00a0 \u00a0VIA WEB<\/p>\r\n<p>\u00a0<\/p>\r\n<p><em><strong>Derechos:<\/strong><\/em> Tiene derecho a acceder a sus datos, rectificarlos, suprimirlos, limitarlos y oponerse a su tratamiento en cualquier momento, tambien puede retirar el consentimiento prestado y reclamar ante la autoridad de control ( Agencia Espa\u00f1ola de protecci\u00f3n de Datos c\/ Jorge Juan n\u00ba6 28001 Madrid). Para el ejercicio de sus derechos dispone de un canal directo con nuestra empresa en el mail ADMINISTRACION@JOBUFER.COM y en la direcci\u00f3n postal C\/MINA LA CUARTA ESQ. MINA LABERINTO S\/N indicando en el asunto protecci\u00f3n de datos.<\/p>\r\n<p><em><strong>Privacidad en la navegaci\u00f3n:<\/strong><\/em> El propietario del portal se toma la privacidad muy en serio, y se esfuerza por la transparencia en todos los aspectos relacionados con los datos personales. Si desea configurar las cookies adjuntamos los enlaces correspondientes a cada navegador.Rogamos consulte la pol\u00edtica de cookies de nuestra web para obtener m\u00e1s informaci\u00f3n.<\/p>\r\n<p>Puede encontrar m\u00e1s informaci\u00f3n sobre c\u00f3mo cambiar la configuraci\u00f3n de las cookies en el explorador que utiliza en la siguiente lista:<br>\u00a0 \u00a0 \u00a0\u2022https:\/\/www.google.com\/intl\/en\/policies\/technologies\/managing\/<\/p>\r\n<p>\u00a0 \u00a0 \u00a0\u2022http:\/\/support.mozilla.com\/en-GB\/kb\/Cookies#w_cookie-settings<\/p>\r\n<p>\u00a0 \u00a0 \u00a0\u2022http:\/\/windows.microsoft.com\/en-GB\/windows-vista\/Block-or-allow-cookies<\/p>\r\n<p>\u00a0 \u00a0 \u00a0\u2022http:\/\/www.apple.com\/safari\/features.html#security<\/p>\r\n<p>Asimismo, Jobufer S.L. informa que da cumplimiento a la Ley 34\/2002 de 11 de julio, de Servicios de la Sociedad de la Informaci\u00f3n y el Comercio Electr\u00f3nico y le solicitar\u00e1 su consentimiento al tratamiento de su correo electr\u00f3nico con fines comerciales en cada momento.<\/p>\r\n<p>\u00a0<\/p>\r\n<h3><em><strong>PROPIEDAD INTELECTUAL E INDUSTRIAL <\/strong><\/em><\/h3>\r\n<p>El propietario por s\u00ed o como cesionaria, es titular de todos los derechos de propiedad intelectual e industrial desu p\u00e1gina web, as\u00ed como de los elementos contenidos en la misma (a t\u00edtulo enunciativo, im\u00e1genes, sonido, audio, v\u00eddeo, software o textos; marcas o logotipos, combinaciones de colores, estructura y dise\u00f1o, selecci\u00f3n de materiales usados, programas de ordenador necesarios para su funcionamiento, acceso y uso, etc.).<\/p>\r\n<p>Todos los derechos reservados. En virtud de lo dispuesto en los art\u00edculos 8 y 32.1, p\u00e1rrafo segundo, de la Ley de Propiedad Intelectual, quedan expresamente prohibidas la reproducci\u00f3n, la distribuci\u00f3n y la comunicaci\u00f3n p\u00fablica, incluida su modalidad de puesta a disposici\u00f3n, de la totalidad o parte de los contenidos de esta p\u00e1gina web, con fines comerciales, en cualquier soporte y por cualquier medio t\u00e9cnico, sin la autorizaci\u00f3n de Jobufer S.L.<\/p>\r\n<p>El USUARIO se compromete a respetar los derechos de Propiedad Intelectual e Industrial titularidad de Jobufer S.L. Podr\u00e1 visualizar los elementos del portal e incluso imprimirlos, copiarlos y almacenarlos en el disco duro de su ordenador o en cualquier otro soporte f\u00edsico siempre y cuando sea, \u00fanica y exclusivamente, para su uso personal y privado. El USUARIO deber\u00e1 abstenerse de suprimir, alterar, eludir o manipular cualquier dispositivo de protecci\u00f3n o sistema de seguridad que estuviera instalado en el las p\u00e1ginas de Jobufer S.L.<\/p>\r\n<p>\u00a0<\/p>\r\n<h3><em><strong>EXCLUSI\u00d3N DE GARANT\u00cdAS Y RESPONSABILIDA<\/strong><strong>D<\/strong><\/em><\/h3>\r\n<p><br>Jobufer S.L. no se hace responsable, en ning\u00fan caso, de los da\u00f1os y perjuicios de cualquier naturaleza que pudieran ocasionar, a t\u00edtulo enunciativo: errores u omisiones en los contenidos, falta de disponibilidad del portal o la transmisi\u00f3n de virus o programas maliciosos o lesivos en los contenidos, a pesar de haber adoptado todas las medidas tecnol\u00f3gicas necesarias para evitarlo.<\/p>\r\n<p>\u00a0<\/p>\r\n<h3><em><strong>MODIFICACIONES<\/strong><\/em><\/h3>\r\n<p><br>Jobufer S.L. se reserva el derecho de efectuar sin previo aviso las modificaciones que considere oportunas en su portal, pudiendo cambiar, suprimir o a\u00f1adir tanto los contenidos y servicios que se presten a trav\u00e9s de la misma como la forma en la que \u00e9stos aparezcan presentados o localizados en su portal.<\/p>\r\n<p>\u00a0<\/p>\r\n<h3><em><strong>ENLACES<\/strong><\/em><\/h3>\r\n<p><br>En el caso de que en www.jobufer.com se dispusiesen enlaces o hiperv\u00ednculos hac\u00eda otros sitios de Internet, no ejercer\u00e1 ning\u00fan tipo de control sobre dichos sitios y contenidos.<\/p>\r\n<p>En ning\u00fan caso Jobufer S.L. asumir\u00e1 responsabilidad alguna\u00a0 por los contenidos de alg\u00fan enlace perteneciente a un sitio web ajeno, ni garantizar\u00e1 la disponibilidad t\u00e9cnica, calidad, fiabilidad, exactitud, amplitud, veracidad, validez y constitucionalidad de cualquier material o informaci\u00f3n contenida en ninguno de dichos hiperv\u00ednculos u otros sitios de Internet. En caso de usar los enlaces rogamos que acceda a la pol\u00edtica de privacidad y aviso legal de la p\u00e1gina visitada. Igualmente la inclusi\u00f3n de estas conexiones externas no implicar\u00e1 ning\u00fan tipo de asociaci\u00f3n, fusi\u00f3n o participaci\u00f3n con las entidades conectadas.<\/p>\r\n<h3>\u00a0<\/h3>\r\n<h3><em><strong>DERECHO DE EXCLUSI\u00d3N<\/strong><\/em><\/h3>\r\n<p>Jobufer S.L. se reserva el derecho a denegar o retirar el acceso a portal y\/o los servicios ofrecidos sin necesidad de preaviso, a instancia propia o de un tercero, a aquellos usuarios que incumplan las presentes Condiciones Generales de Uso.<\/p>\r\n<p>\u00a0<\/p>\r\n<h3><em><strong>GENERALIDADES<\/strong><\/em><\/h3>\r\n<p>Se perseguir\u00e1 el incumplimiento de las presentes condiciones as\u00ed como cualquier utilizaci\u00f3n indebida de su portal ejerciendo todas las acciones civiles y penales que le puedan corresponder en derecho.<\/p>\r\n<p>\u00a0<\/p>\r\n<h3><em><strong>MODIFICACI\u00d3N DE LAS PRESENTES CONDICIONES Y DURACI\u00d3N<\/strong><\/em><\/h3>\r\n<p>Jobufer S.L. podr\u00e1 modificar en cualquier momento las condiciones aqu\u00ed determinadas, siendo debidamente publicadas como aqu\u00ed aparecen. La vigencia de las citadas condiciones ir\u00e1 en funci\u00f3n de su exposici\u00f3n y estar\u00e1n vigentes hasta debidamente publicadas. que sean modificadas por otras.<\/p>\r\n<p>\u00a0<\/p>\r\n<h3><em><strong>LEGISLACI\u00d3N APLICABLE Y JURISDICCI\u00d3N<\/strong><\/em><\/h3>\r\n<p>La relaci\u00f3n entre Jobufer S.L. y el USUARIO se regir\u00e1 por la normativa espa\u00f1ola vigente y cualquier controversia se someter\u00e1 a la autoridad pertinente.<\/p>\r\n<p>\u00a0<\/p>\r\n<p>\u00a0<\/p>\r\n<p>\u00a0<\/p>\r\n<p>\u00a0<\/p>\r\n<p>\u00a0<\/p>\r\n<p>\u00a0<\/p>\r\n<p>\u00a0<\/p>\n<\/div>","protected":false},"excerpt":{"rendered":"<p>[vc_row][vc_column][vc_column_text] Espa\u00f1ol Quienes somos Somos Jobufer, una empresa de reciclado de residuos no peligrosos de aceite vegetal, en la que tambi\u00e9n queremos transparentarnos en la obtenci\u00f3n de datos personales mediante cookies para la mejora del servicio al cliente. La direcci\u00f3n de nuestro sitio web es: https:\/\/jobufer.com.\u00a0 \u00a0 Qu\u00e9 datos personales recopilamos y por qu\u00e9 los [&hellip;]<\/p>\n","protected":false},"author":1,"featured_media":0,"parent":0,"menu_order":9,"comment_status":"closed","ping_status":"closed","template":"","meta":{"rop_custom_images_group":[],"rop_custom_messages_group":[],"rop_publish_now":"initial","rop_publish_now_accounts":{"facebook_391207609099785_107747471705101":"","twitter_1455864053738483718_1455864053738483718":""},"rop_publish_now_history":[],"rop_publish_now_status":"pending","footnotes":""},"class_list":["post-3","page","type-page","status-publish","hentry"],"meta_box":{"nt_forester_menutype":"p","nt_forester_section_name":["Menu item name"],"nt_forester_section_url":["#sectionname"],"nt_forester_page_nav_bgcolor":"","nt_forester_page_sticky_bg":"","nt_forester_page_nav_color":"","nt_forester_page_nav_hovercolor":"","nt_forester_page_nav_border_color":"","nt_forester_footer_display":"0","nt_forester_f_bgcolor":"","nt_forester_f_border_t_c":"","nt_forester_f_text_c":"","nt_forester_f_social_bg":"","nt_forester_f_social_i_c":"","nt_forester_page_hero_display":"0","nt_forester_page_bg_image":[],"nt_forester_page_bg_color":"","nt_forester_page_header_height":"","nt_forester_header_p_top":"","nt_forester_header_p_bottom":"","nt_forester_title_display":"0","nt_forester_use_bigtitle":"0","nt_forester_alt_title":"","nt_forester_page_title_color":"","nt_forester_page_title_mb":"","nt_forester_disable_subtitle":"0","nt_forester_subtitle":"","nt_forester_page_subtitle_color":"","nt_forester_page_subtitle_maxw":"","nt_forester_page_subtitle_mb":"","nt_forester_page_bread_display":"0","nt_forester_page_herobtn_display":"0","nt_forester_page_herobtn_linktype":"external","nt_forester_page_herobtn":"","nt_forester_page_herobtn_url":"","nt_forester_page_herobtn_icon_display":"0","nt_forester_page_herobtn_icon":"","nt_forester_page_herobtn_iconpos":"before","nt_forester_page_herobtn_bg":"btn-primary","nt_forester_page_herobtn_custombg":"","nt_forester_page_herobtn_hoverbg":"","nt_forester_page_herobtn_titlecolor":"","nt_forester_page_herobtn_titlehover":"","nt_forester_page_herobtn_size":"btn-sm","nt_forester_pagelayout":"right-sidebar"},"_links":{"self":[{"href":"https:\/\/jobufer.com\/index.php\/wp-json\/wp\/v2\/pages\/3","targetHints":{"allow":["GET"]}}],"collection":[{"href":"https:\/\/jobufer.com\/index.php\/wp-json\/wp\/v2\/pages"}],"about":[{"href":"https:\/\/jobufer.com\/index.php\/wp-json\/wp\/v2\/types\/page"}],"author":[{"embeddable":true,"href":"https:\/\/jobufer.com\/index.php\/wp-json\/wp\/v2\/users\/1"}],"replies":[{"embeddable":true,"href":"https:\/\/jobufer.com\/index.php\/wp-json\/wp\/v2\/comments?post=3"}],"version-history":[{"count":16,"href":"https:\/\/jobufer.com\/index.php\/wp-json\/wp\/v2\/pages\/3\/revisions"}],"predecessor-version":[{"id":3432,"href":"https:\/\/jobufer.com\/index.php\/wp-json\/wp\/v2\/pages\/3\/revisions\/3432"}],"wp:attachment":[{"href":"https:\/\/jobufer.com\/index.php\/wp-json\/wp\/v2\/media?parent=3"}],"curies":[{"name":"wp","href":"https:\/\/api.w.org\/{rel}","templated":true}]}}