{"id":3132,"date":"2021-02-21T18:56:45","date_gmt":"2021-02-21T18:56:45","guid":{"rendered":"https:\/\/jobufer.com\/?page_id=3132"},"modified":"2025-06-30T10:24:55","modified_gmt":"2025-06-30T10:24:55","slug":"recogida","status":"publish","type":"page","link":"https:\/\/jobufer.com\/index.php\/recogida\/","title":{"rendered":"recogida"},"content":{"rendered":"<div class=\"wpb-content-wrapper\">\n<p>[vc_row][vc_column width=\u00bb2\/3\u2033]\n<\/p>\n<div class=\"wpcf7 no-js\" id=\"wpcf7-f3080-o1\" lang=\"en\" dir=\"ltr\" data-wpcf7-id=\"3080\">\n<div class=\"screen-reader-response\">\n<p role=\"status\" aria-live=\"polite\" aria-atomic=\"true\"><\/p> <ul><\/ul>\n<\/div>\n<form action=\"\/index.php\/wp-json\/wp\/v2\/pages\/3132#wpcf7-f3080-o1\" method=\"post\" class=\"wpcf7-form init\" aria-label=\"Formulario de contacto\" novalidate=\"novalidate\" data-status=\"init\">\n<fieldset class=\"hidden-fields-container\">\n<input type=\"hidden\" name=\"_wpcf7\" value=\"3080\"><input type=\"hidden\" name=\"_wpcf7_version\" value=\"6.1.5\"><input type=\"hidden\" name=\"_wpcf7_locale\" value=\"en\"><input type=\"hidden\" name=\"_wpcf7_unit_tag\" value=\"wpcf7-f3080-o1\"><input type=\"hidden\" name=\"_wpcf7_container_post\" value=\"0\"><input type=\"hidden\" name=\"_wpcf7_posted_data_hash\" value=\"\">\n<\/fieldset>\n<h2> Solicitud recogida de aceite usado\n<\/h2>\n<div class=\"ucf form-horizontal\">\n\t<fieldset>\n\t\t<div class=\"form-group\">\n\t\t\t<p><span class=\"wpcf7-form-control-wrap\" data-name=\"empresa\"><input size=\"40\" maxlength=\"400\" class=\"wpcf7-form-control wpcf7-text wpcf7-validates-as-required form-control\" id=\"empresa\" aria-required=\"true\" aria-invalid=\"false\" placeholder=\"Nombre del Establecimiento\" value=\"\" type=\"text\" name=\"empresa\"><\/span>\n\t\t\t<\/p>\n\t\t<\/div>\n\t\t<div class=\"form-group\">\n\t\t\t<p><span class=\"wpcf7-form-control-wrap\" data-name=\"calle\"><input size=\"40\" maxlength=\"400\" class=\"wpcf7-form-control wpcf7-text wpcf7-validates-as-required form-control\" id=\"calle\" aria-required=\"true\" aria-invalid=\"false\" placeholder=\"Escriba su Direcci\u00f3n\" value=\"\" type=\"text\" name=\"calle\"><\/span>\n\t\t\t<\/p>\n\t\t<\/div>\n\t\t<div class=\"form-group\">\n\t\t\t<p><span class=\"wpcf7-form-control-wrap\" data-name=\"ciudad\"><input size=\"40\" maxlength=\"400\" class=\"wpcf7-form-control wpcf7-text wpcf7-validates-as-required form-control\" id=\"ciudad\" aria-required=\"true\" aria-invalid=\"false\" placeholder=\"Escriba su Ciudad\" value=\"\" type=\"text\" name=\"ciudad\"><\/span>\n\t\t\t<\/p>\n\t\t<\/div>\n\t\t<div class=\"form-group\">\n\t\t\t<p><span class=\"wpcf7-form-control-wrap\" data-name=\"email\"><input size=\"40\" maxlength=\"400\" class=\"wpcf7-form-control wpcf7-email wpcf7-validates-as-required wpcf7-text wpcf7-validates-as-email form-control\" id=\"email\" aria-required=\"true\" aria-invalid=\"false\" placeholder=\"Escriba su Email\" value=\"\" type=\"email\" name=\"email\"><\/span>\n\t\t\t<\/p>\n\t\t<\/div>\n\t\t<div class=\"form-group\">\n\t\t\t<p><span class=\"wpcf7-form-control-wrap\" data-name=\"telefono\"><input size=\"40\" maxlength=\"400\" class=\"wpcf7-form-control wpcf7-tel wpcf7-validates-as-required wpcf7-text wpcf7-validates-as-tel form-control\" id=\"telefono\" aria-required=\"true\" aria-invalid=\"false\" placeholder=\"Su Tel\u00e9fono\" value=\"\" type=\"tel\" name=\"telefono\"><\/span>\n\t\t\t<\/p>\n\t\t<\/div>\n\t\t<div class=\"form-group\">\n\t\t\t<p><span class=\"wpcf7-form-control-wrap\" data-name=\"textarea-792\"><textarea cols=\"40\" rows=\"10\" maxlength=\"2000\" class=\"wpcf7-form-control wpcf7-textarea wpcf7-validates-as-required form-control\" id=\"message\" aria-required=\"true\" aria-invalid=\"false\" placeholder=\"Su mensaje...\" name=\"textarea-792\"><\/textarea><\/span>\n\t\t\t<\/p>\n\t\t<\/div>\n\t\t<div class=\"form-group\">\n\t\t\t<p><input class=\"wpcf7-form-control wpcf7-submit has-spinner btn btn-sm btn-md btn-primary\" type=\"submit\" value=\"Enviar\">\n\t\t\t<\/p>\n\t\t<\/div>\n\t<\/fieldset>\n<\/div>\n<div class=\"wpcf7-response-output\" aria-hidden=\"true\"><\/div>\n<\/form>\n<\/div>\n[\/vc_column][vc_column width=\u00bb1\/3\u2033][vc_column_text]\n<p style=\"text-align: center;\"><strong>PUEDE SOLICITAR <\/strong><a href=\"https:\/\/jobufer.com\/index.php\/recogida\/\"><em><strong><u>UNA RECOGIDA<\/u><\/strong><\/em><\/a><strong> DE ACEITE USADO LLAMANDO <\/strong><\/p>\n<p style=\"text-align: center;\"><strong>A UNO DE NUESTROS TEL\u00c9FONOS DE ATENCI\u00d3N AL CLIENTE<\/strong><\/p>\n<h3 style=\"text-align: center;\"><strong>968 337 717 || 680633340<\/strong><\/h3>\n<p style=\"text-align: center;\">o bien rellenando y enviando el formulario de contacto de la izquierda.<\/p>\n<p>[\/vc_column_text][vc_single_image image=\u00bb3419\u2033 img_size=\u00bblarge\u00bb css_animation=\u00bbbounceInRight\u00bb][\/vc_column][\/vc_row][vc_row][vc_column][vc_column_text]En la empresa <em><strong>Jobufer S.L.<\/strong><\/em>\u00a0 le ofrecemos un servicio de<em><strong> recogida de residuos no peligrosos<\/strong><\/em> (<em>recogida de aceite usado<strong>)<\/strong><\/em> para su posterior reciclaje y conversi\u00f3n en <strong><em>biodi\u00e9sel<\/em><\/strong> (<a href=\"https:\/\/www.rinconeducativo.org\/es\/recursos-educativos\/que-es-el-biodiesel\">\u00bfQu\u00e9 es el biodi\u00e9sel?<\/a>) con dos principales m\u00e9todos de contacto: Por tel\u00e9fono o por correo electr\u00f3nico. Acat\u00e1ndonos siempre a la <em><strong><u><a href=\"https:\/\/www.boe.es\/buscar\/act.php?id=BOE-A-2011-13046\">Ley 22\/2011 de 28 de julio de Residuos y suelos contaminados<\/a>.<\/u><\/strong><\/em>[\/vc_column_text][\/vc_column][\/vc_row]<\/p>\n<\/div>","protected":false},"excerpt":{"rendered":"<p>[vc_row][vc_column width=\u00bb2\/3\u2033][\/vc_column][vc_column width=\u00bb1\/3\u2033][vc_column_text] PUEDE SOLICITAR UNA RECOGIDA DE ACEITE USADO LLAMANDO A UNO DE NUESTROS TEL\u00c9FONOS DE ATENCI\u00d3N AL CLIENTE 968 337 717 || 680633340 o bien rellenando y enviando el formulario de contacto de la izquierda. [\/vc_column_text][vc_single_image image=\u00bb3419\u2033 img_size=\u00bblarge\u00bb css_animation=\u00bbbounceInRight\u00bb][\/vc_column][\/vc_row][vc_row][vc_column][vc_column_text]En la empresa Jobufer S.L.\u00a0 le ofrecemos un servicio de recogida de residuos no peligrosos [&hellip;]<\/p>\n","protected":false},"author":1,"featured_media":0,"parent":0,"menu_order":3,"comment_status":"closed","ping_status":"closed","template":"","meta":{"rop_custom_images_group":[],"rop_custom_messages_group":[],"rop_publish_now":"initial","rop_publish_now_accounts":{"facebook_391207609099785_107747471705101":"","twitter_1455864053738483718_1455864053738483718":""},"rop_publish_now_history":[],"rop_publish_now_status":"pending","footnotes":""},"class_list":["post-3132","page","type-page","status-publish","hentry"],"meta_box":{"nt_forester_menutype":"p","nt_forester_section_name":["Menu item name"],"nt_forester_section_url":["#sectionname"],"nt_forester_page_nav_bgcolor":"","nt_forester_page_sticky_bg":"","nt_forester_page_nav_color":"","nt_forester_page_nav_hovercolor":"","nt_forester_page_nav_border_color":"","nt_forester_footer_display":"0","nt_forester_f_bgcolor":"","nt_forester_f_border_t_c":"","nt_forester_f_text_c":"","nt_forester_f_social_bg":"","nt_forester_f_social_i_c":"","nt_forester_page_hero_display":"0","nt_forester_page_bg_image":[{"width":150,"height":150,"file":"2021\/02\/furgoneta01_cabecera.jpg","sizes":{"medium":{"file":"furgoneta01_cabecera-300x107.jpg","width":300,"height":107,"mime-type":"image\/jpeg","url":"https:\/\/jobufer.com\/wp-content\/uploads\/2021\/02\/furgoneta01_cabecera-300x107.jpg"},"large":{"file":"furgoneta01_cabecera-1024x366.jpg","width":1024,"height":366,"mime-type":"image\/jpeg","url":"https:\/\/jobufer.com\/wp-content\/uploads\/2021\/02\/furgoneta01_cabecera-1024x366.jpg"},"thumbnail":{"file":"furgoneta01_cabecera-150x150.jpg","width":150,"height":150,"mime-type":"image\/jpeg","url":"https:\/\/jobufer.com\/wp-content\/uploads\/2021\/02\/furgoneta01_cabecera-150x150.jpg"},"medium_large":{"file":"furgoneta01_cabecera-768x274.jpg","width":768,"height":274,"mime-type":"image\/jpeg","url":"https:\/\/jobufer.com\/wp-content\/uploads\/2021\/02\/furgoneta01_cabecera-768x274.jpg"},"1536x1536":{"file":"furgoneta01_cabecera-1536x549.jpg","width":1536,"height":549,"mime-type":"image\/jpeg","url":"https:\/\/jobufer.com\/wp-content\/uploads\/2021\/02\/furgoneta01_cabecera-1536x549.jpg"}},"image_meta":{"aperture":"0","credit":"","camera":"","caption":"","created_timestamp":"0","copyright":"","focal_length":"0","iso":"0","shutter_speed":"0","title":"","orientation":"0","keywords":[]},"ID":"3103","name":"furgoneta01_cabecera.jpg","path":"\/home\/ra26399\/public_html\/wp-content\/uploads\/2021\/02\/furgoneta01_cabecera.jpg","url":"https:\/\/jobufer.com\/wp-content\/uploads\/2021\/02\/furgoneta01_cabecera-150x150.jpg","full_url":"https:\/\/jobufer.com\/wp-content\/uploads\/2021\/02\/furgoneta01_cabecera.jpg","title":"furgoneta01_cabecera","caption":"","description":"","alt":"FURGONETA RECOGIDA ACEITE","srcset":false}],"nt_forester_page_bg_color":"","nt_forester_page_header_height":"","nt_forester_header_p_top":"","nt_forester_header_p_bottom":"","nt_forester_title_display":"0","nt_forester_use_bigtitle":"0","nt_forester_alt_title":"","nt_forester_page_title_color":"","nt_forester_page_title_mb":"","nt_forester_disable_subtitle":"0","nt_forester_subtitle":"","nt_forester_page_subtitle_color":"","nt_forester_page_subtitle_maxw":"","nt_forester_page_subtitle_mb":"","nt_forester_page_bread_display":"0","nt_forester_page_herobtn_display":"0","nt_forester_page_herobtn_linktype":"external","nt_forester_page_herobtn":"","nt_forester_page_herobtn_url":"","nt_forester_page_herobtn_icon_display":"0","nt_forester_page_herobtn_icon":"","nt_forester_page_herobtn_iconpos":"before","nt_forester_page_herobtn_bg":"btn-primary","nt_forester_page_herobtn_custombg":"","nt_forester_page_herobtn_hoverbg":"","nt_forester_page_herobtn_titlecolor":"","nt_forester_page_herobtn_titlehover":"","nt_forester_page_herobtn_size":"btn-sm","nt_forester_pagelayout":"right-sidebar"},"_links":{"self":[{"href":"https:\/\/jobufer.com\/index.php\/wp-json\/wp\/v2\/pages\/3132","targetHints":{"allow":["GET"]}}],"collection":[{"href":"https:\/\/jobufer.com\/index.php\/wp-json\/wp\/v2\/pages"}],"about":[{"href":"https:\/\/jobufer.com\/index.php\/wp-json\/wp\/v2\/types\/page"}],"author":[{"embeddable":true,"href":"https:\/\/jobufer.com\/index.php\/wp-json\/wp\/v2\/users\/1"}],"replies":[{"embeddable":true,"href":"https:\/\/jobufer.com\/index.php\/wp-json\/wp\/v2\/comments?post=3132"}],"version-history":[{"count":43,"href":"https:\/\/jobufer.com\/index.php\/wp-json\/wp\/v2\/pages\/3132\/revisions"}],"predecessor-version":[{"id":4182,"href":"https:\/\/jobufer.com\/index.php\/wp-json\/wp\/v2\/pages\/3132\/revisions\/4182"}],"wp:attachment":[{"href":"https:\/\/jobufer.com\/index.php\/wp-json\/wp\/v2\/media?parent=3132"}],"curies":[{"name":"wp","href":"https:\/\/api.w.org\/{rel}","templated":true}]}}