{"id":3205,"date":"2021-02-22T10:30:53","date_gmt":"2021-02-22T10:30:53","guid":{"rendered":"https:\/\/jobufer.com\/?page_id=3205"},"modified":"2022-09-20T09:21:33","modified_gmt":"2022-09-20T09:21:33","slug":"sistema-de-trabajo","status":"publish","type":"page","link":"https:\/\/jobufer.com\/index.php\/sistema-de-trabajo\/","title":{"rendered":"SISTEMA DE TRABAJO"},"content":{"rendered":"<div class=\"wpb-content-wrapper\">\n<p>[vc_row][vc_column css=\u00bb.vc_custom_1614684286282{margin-bottom: 10px !important;}\u00bb][vc_column_text]<\/p>\n<h2 style=\"text-align: center;\"><strong><em><u>SISTEMA DE TRABAJO<\/u><\/em><\/strong><\/h2>\n<h3 style=\"text-align: center;\">\u00bfC\u00f3mo trabajamos en JOBUFER S.L.?<\/h3>\n<p>[\/vc_column_text][\/vc_column][\/vc_row][vc_row css=\u00bb.vc_custom_1613991952126{margin-bottom: 12px !important;background-color: #f2f4ea !important;}\u00bb nt_row_loop_breakpoint=\u00bb%5B%7B%7D%5D\u00bb][vc_column width=\u00bb1\/4\u2033][vc_single_image image=\u00bb3146\u2033 img_size=\u00bb64\u00d764\u2033 alignment=\u00bbcenter\u00bb css_animation=\u00bbbounceInLeft\u00bb css=\u00bb.vc_custom_1614772688971{padding-bottom: 10px !important;}\u00bb][\/vc_column][vc_column width=\u00bb1\/2\u2033][vc_column_text]Hacemos entrega a proveedores de los envases necesarios para la retirada del residuo debidamente higienizados, sustituyendolos por otros limpios en cada recogida.[\/vc_column_text][\/vc_column][vc_column width=\u00bb1\/4\u2033][\/vc_column][\/vc_row][vc_row css=\u00bb.vc_custom_1613991983807{margin-bottom: 12px !important;background-color: #f2f4ea !important;}\u00bb nt_row_loop_breakpoint=\u00bb%5B%7B%7D%5D\u00bb][vc_column width=\u00bb1\/4\u2033][vc_single_image image=\u00bb3217\u2033 img_size=\u00bb64\u00d764\u2033 alignment=\u00bbcenter\u00bb css_animation=\u00bbbounceInLeft\u00bb css=\u00bb.vc_custom_1613992088443{padding-bottom: 10px !important;}\u00bb][\/vc_column][vc_column width=\u00bb1\/2\u2033][vc_column_text]Realizamos un contrato de gesti\u00f3n de residuos personalizado, ajust\u00e1ndonos a las necesidades del cliente y cumpliendo con todos los requisitos sanitarios y la <a href=\"https:\/\/www.boe.es\/buscar\/act.php?id=BOE-A-2011-13046\"><em>legislaci\u00f3n vigente<\/em><\/a> para los productores de residuos (Art.46.3.b LEY 22\/2011)<\/p>\n<p>\u00a0<\/p>\n<p>[\/vc_column_text][\/vc_column][vc_column width=\u00bb1\/4\u2033][\/vc_column][\/vc_row][vc_row css=\u00bb.vc_custom_1613992384029{margin-bottom: 12px !important;background-color: #f2f4ea !important;}\u00bb nt_row_loop_breakpoint=\u00bb%5B%7B%7D%5D\u00bb][vc_column width=\u00bb1\/4\u2033][vc_single_image image=\u00bb3149\u2033 img_size=\u00bb64\u00d764\u2033 alignment=\u00bbcenter\u00bb css_animation=\u00bbbounceInLeft\u00bb css=\u00bb.vc_custom_1613992390519{padding-bottom: 10px !important;}\u00bb][\/vc_column][vc_column width=\u00bb1\/2\u2033][vc_column_text]Informatizaci\u00f3n y seguimiento \u00a0del proceso de recogida del residuo garantizando su \u00a0de trazabilidad desde el origen y hasta su destino final de fabricaci\u00f3n de biodiesel.[\/vc_column_text][\/vc_column][vc_column width=\u00bb1\/4\u2033][\/vc_column][\/vc_row][vc_row css=\u00bb.vc_custom_1613992401120{margin-bottom: 12px !important;background-color: #f2f4ea !important;}\u00bb nt_row_loop_breakpoint=\u00bb%5B%7B%7D%5D\u00bb][vc_column width=\u00bb1\/4\u2033][vc_single_image image=\u00bb3217\u2033 img_size=\u00bb64\u00d764\u2033 alignment=\u00bbcenter\u00bb css_animation=\u00bbbounceInLeft\u00bb css=\u00bb.vc_custom_1613992409288{padding-bottom: 10px !important;}\u00bb][\/vc_column][vc_column width=\u00bb1\/2\u2033][vc_column_text]Env\u00edo del documento de recogida por e-mail en el mismo momento de la retirada del aceite vegetal usado.[\/vc_column_text][\/vc_column][vc_column width=\u00bb1\/4\u2033][\/vc_column][\/vc_row][vc_row css=\u00bb.vc_custom_1613992763950{margin-bottom: 12px !important;background-color: #f2f4ea !important;}\u00bb nt_row_loop_breakpoint=\u00bb%5B%7B%7D%5D\u00bb][vc_column width=\u00bb1\/4\u2033][vc_single_image image=\u00bb3145\u2033 img_size=\u00bb64\u00d764\u2033 alignment=\u00bbcenter\u00bb css_animation=\u00bbbounceInLeft\u00bb css=\u00bb.vc_custom_1613992732366{padding-bottom: 10px !important;}\u00bb][\/vc_column][vc_column width=\u00bb1\/2\u2033][vc_column_text]Disponemos de varias \u00a0ofertas comerciales a cambio de la <a href=\"https:\/\/jobufer.com\/index.php\/recogida\/\"><em>entrega de su residuo<\/em><\/a>, adaptando nuestro sistema de trabajo a sus necesidades y las de su establecimiento. Si desea recibir m\u00e1s informaci\u00f3n al respecto o alg\u00fan tipo de asesoramiento personal, puede llamarnos al tel\u00e9fono <strong>968 337 717.<\/strong><\/p>\n<p>\u00a0<\/p>\n<p>[\/vc_column_text][\/vc_column][vc_column width=\u00bb1\/4\u2033][\/vc_column][\/vc_row]<\/p>\n<\/div>","protected":false},"excerpt":{"rendered":"<p>[vc_row][vc_column css=\u00bb.vc_custom_1614684286282{margin-bottom: 10px !important;}\u00bb][vc_column_text] SISTEMA DE TRABAJO \u00bfC\u00f3mo trabajamos en JOBUFER S.L.? [\/vc_column_text][\/vc_column][\/vc_row][vc_row css=\u00bb.vc_custom_1613991952126{margin-bottom: 12px !important;background-color: #f2f4ea !important;}\u00bb nt_row_loop_breakpoint=\u00bb%5B%7B%7D%5D\u00bb][vc_column width=\u00bb1\/4\u2033][vc_single_image image=\u00bb3146\u2033 img_size=\u00bb64\u00d764\u2033 alignment=\u00bbcenter\u00bb css_animation=\u00bbbounceInLeft\u00bb css=\u00bb.vc_custom_1614772688971{padding-bottom: 10px !important;}\u00bb][\/vc_column][vc_column width=\u00bb1\/2\u2033][vc_column_text]Hacemos entrega a proveedores de los envases necesarios para la retirada del residuo debidamente higienizados, sustituyendolos por otros limpios en cada recogida.[\/vc_column_text][\/vc_column][vc_column width=\u00bb1\/4\u2033][\/vc_column][\/vc_row][vc_row css=\u00bb.vc_custom_1613991983807{margin-bottom: 12px !important;background-color: #f2f4ea !important;}\u00bb [&hellip;]<\/p>\n","protected":false},"author":1,"featured_media":0,"parent":0,"menu_order":7,"comment_status":"closed","ping_status":"closed","template":"","meta":{"rop_custom_images_group":[],"rop_custom_messages_group":[],"rop_publish_now":"initial","rop_publish_now_accounts":{"facebook_391207609099785_107747471705101":"","twitter_1455864053738483718_1455864053738483718":""},"rop_publish_now_history":[],"rop_publish_now_status":"pending","footnotes":""},"class_list":["post-3205","page","type-page","status-publish","hentry"],"meta_box":{"nt_forester_menutype":"p","nt_forester_section_name":["Menu item name"],"nt_forester_section_url":["#sectionname"],"nt_forester_page_nav_bgcolor":"","nt_forester_page_sticky_bg":"","nt_forester_page_nav_color":"","nt_forester_page_nav_hovercolor":"","nt_forester_page_nav_border_color":"","nt_forester_footer_display":"0","nt_forester_f_bgcolor":"","nt_forester_f_border_t_c":"","nt_forester_f_text_c":"","nt_forester_f_social_bg":"","nt_forester_f_social_i_c":"","nt_forester_page_hero_display":"0","nt_forester_page_bg_image":[{"width":150,"height":150,"file":"2021\/01\/freidoras-1.jpg","sizes":{"medium":{"file":"freidoras-1-300x200.jpg","width":300,"height":200,"mime-type":"image\/jpeg","url":"https:\/\/jobufer.com\/wp-content\/uploads\/2021\/01\/freidoras-1-300x200.jpg"},"large":{"file":"freidoras-1-1024x682.jpg","width":1024,"height":682,"mime-type":"image\/jpeg","url":"https:\/\/jobufer.com\/wp-content\/uploads\/2021\/01\/freidoras-1-1024x682.jpg"},"thumbnail":{"file":"freidoras-1-150x150.jpg","width":150,"height":150,"mime-type":"image\/jpeg","url":"https:\/\/jobufer.com\/wp-content\/uploads\/2021\/01\/freidoras-1-150x150.jpg"},"medium_large":{"file":"freidoras-1-768x512.jpg","width":768,"height":512,"mime-type":"image\/jpeg","url":"https:\/\/jobufer.com\/wp-content\/uploads\/2021\/01\/freidoras-1-768x512.jpg"},"1536x1536":{"file":"freidoras-1-1536x1023.jpg","width":1536,"height":1023,"mime-type":"image\/jpeg","url":"https:\/\/jobufer.com\/wp-content\/uploads\/2021\/01\/freidoras-1-1536x1023.jpg"}},"image_meta":{"aperture":"0","credit":"","camera":"","caption":"","created_timestamp":"0","copyright":"","focal_length":"0","iso":"0","shutter_speed":"0","title":"","orientation":"0","keywords":[]},"ID":"3068","name":"freidoras-1.jpg","path":"\/home\/ra26399\/public_html\/wp-content\/uploads\/2021\/01\/freidoras-1.jpg","url":"https:\/\/jobufer.com\/wp-content\/uploads\/2021\/01\/freidoras-1-150x150.jpg","full_url":"https:\/\/jobufer.com\/wp-content\/uploads\/2021\/01\/freidoras-1.jpg","title":"freidoras","caption":"","description":"","alt":"","srcset":false}],"nt_forester_page_bg_color":"","nt_forester_page_header_height":"","nt_forester_header_p_top":"","nt_forester_header_p_bottom":"","nt_forester_title_display":"0","nt_forester_use_bigtitle":"0","nt_forester_alt_title":"","nt_forester_page_title_color":"","nt_forester_page_title_mb":"","nt_forester_disable_subtitle":"0","nt_forester_subtitle":"","nt_forester_page_subtitle_color":"","nt_forester_page_subtitle_maxw":"","nt_forester_page_subtitle_mb":"","nt_forester_page_bread_display":"0","nt_forester_page_herobtn_display":"1","nt_forester_page_herobtn_linktype":"external","nt_forester_page_herobtn":"","nt_forester_page_herobtn_url":"","nt_forester_page_herobtn_icon_display":"0","nt_forester_page_herobtn_icon":"","nt_forester_page_herobtn_iconpos":"before","nt_forester_page_herobtn_bg":"btn-primary","nt_forester_page_herobtn_custombg":"","nt_forester_page_herobtn_hoverbg":"","nt_forester_page_herobtn_titlecolor":"","nt_forester_page_herobtn_titlehover":"","nt_forester_page_herobtn_size":"btn-sm","nt_forester_pagelayout":"right-sidebar"},"_links":{"self":[{"href":"https:\/\/jobufer.com\/index.php\/wp-json\/wp\/v2\/pages\/3205","targetHints":{"allow":["GET"]}}],"collection":[{"href":"https:\/\/jobufer.com\/index.php\/wp-json\/wp\/v2\/pages"}],"about":[{"href":"https:\/\/jobufer.com\/index.php\/wp-json\/wp\/v2\/types\/page"}],"author":[{"embeddable":true,"href":"https:\/\/jobufer.com\/index.php\/wp-json\/wp\/v2\/users\/1"}],"replies":[{"embeddable":true,"href":"https:\/\/jobufer.com\/index.php\/wp-json\/wp\/v2\/comments?post=3205"}],"version-history":[{"count":64,"href":"https:\/\/jobufer.com\/index.php\/wp-json\/wp\/v2\/pages\/3205\/revisions"}],"predecessor-version":[{"id":3212,"href":"https:\/\/jobufer.com\/index.php\/wp-json\/wp\/v2\/pages\/3205\/revisions\/3212"}],"wp:attachment":[{"href":"https:\/\/jobufer.com\/index.php\/wp-json\/wp\/v2\/media?parent=3205"}],"curies":[{"name":"wp","href":"https:\/\/api.w.org\/{rel}","templated":true}]}}