{"id":3431,"date":"2021-05-19T08:50:38","date_gmt":"2021-05-19T08:50:38","guid":{"rendered":"https:\/\/jobufer.com\/index.php\/personalizar-cookies\/"},"modified":"2025-06-30T10:18:40","modified_gmt":"2025-06-30T10:18:40","slug":"personalizar-cookies","status":"publish","type":"page","link":"https:\/\/jobufer.com\/index.php\/personalizar-cookies\/","title":{"rendered":"Personalizar Cookies"},"content":{"rendered":"\n<div>\n      <div id=\"custom-cookies-eu-label\">\n          El sitio Web https:\/\/jobufer.com utiliza cookies propias  para su correcto funcionamiento. Al hacer clic en el bot\u00f3n Aceptar, acepta el uso de estas tecnolog\u00edas y el procesamiento de sus datos para estos prop\u00f3sitos.          \n\n      <\/div>\n\n      <div id=\"custom-cookies-eu-buttons\" class=\"cookies-eu-buttons\">\n        <button id=\"custom-cookies-eu-reject\" class=\"cookies-eu-reject\">Rechazar<\/button>\n        <button id=\"custom-cookies-eu-accept\" class=\"cookies-eu-accept\">ACEPTAR TODAS LAS COOKIES<\/button>\n<\/div>\n      <\/div>\n\n<br>\n<p>\n\tPuedes cambiar tus preferencias de cookies en cualquier momento si vuelves a la p\u00e1gina de Personalizar cookies, a la que puedes acceder a trav\u00e9s del Aviso de cookies. Para obtener m\u00e1s informaci\u00f3n sobre las cookies y c\u00f3mo las usamos, consulta la p\u00e1gina de <a href=\"https:\/\/jobufer.com\/index.php\/politica-de-cookies\/\">Pol\u00edtica de Cookies<\/a>.\n<\/p>\n\n<h3>Cookies t\u00e9cnicas<\/h3>\n<p>\n\tSon aquellas que permiten a los usuarios registrados navegar a trav\u00e9s del sitio Web, del \u00e1rea restringida y a utilizar sus diferentes funciones, como por ejemplo, el sistema de comentarios o el buscador y no pueden ser desactivadas.\n<\/p>\n\n\n\n","protected":false},"excerpt":{"rendered":"<p>El sitio Web https:\/\/jobufer.com utiliza cookies propias para su correcto funcionamiento. Al hacer clic en el bot\u00f3n Aceptar, acepta el uso de estas tecnolog\u00edas y el procesamiento de sus datos para estos prop\u00f3sitos. Rechazar ACEPTAR TODAS LAS COOKIES Puedes cambiar tus preferencias de cookies en cualquier momento si vuelves a la p\u00e1gina de Personalizar cookies, [&hellip;]<\/p>\n","protected":false},"author":1,"featured_media":0,"parent":0,"menu_order":9,"comment_status":"closed","ping_status":"closed","template":"","meta":{"rop_custom_images_group":[],"rop_custom_messages_group":[],"rop_publish_now":"initial","rop_publish_now_accounts":{"facebook_391207609099785_107747471705101":"","twitter_1455864053738483718_1455864053738483718":""},"rop_publish_now_history":[],"rop_publish_now_status":"pending","footnotes":""},"class_list":["post-3431","page","type-page","status-publish","hentry"],"meta_box":{"nt_forester_menutype":"p","nt_forester_section_name":["Menu item name"],"nt_forester_section_url":["#sectionname"],"nt_forester_page_nav_bgcolor":"","nt_forester_page_sticky_bg":"","nt_forester_page_nav_color":"","nt_forester_page_nav_hovercolor":"","nt_forester_page_nav_border_color":"","nt_forester_footer_display":"0","nt_forester_f_bgcolor":"","nt_forester_f_border_t_c":"","nt_forester_f_text_c":"","nt_forester_f_social_bg":"","nt_forester_f_social_i_c":"","nt_forester_page_hero_display":"0","nt_forester_page_bg_image":[],"nt_forester_page_bg_color":"","nt_forester_page_header_height":"","nt_forester_header_p_top":"","nt_forester_header_p_bottom":"","nt_forester_title_display":"0","nt_forester_use_bigtitle":"0","nt_forester_alt_title":"","nt_forester_page_title_color":"","nt_forester_page_title_mb":"","nt_forester_disable_subtitle":"0","nt_forester_subtitle":"","nt_forester_page_subtitle_color":"","nt_forester_page_subtitle_maxw":"","nt_forester_page_subtitle_mb":"","nt_forester_page_bread_display":"0","nt_forester_page_herobtn_display":"0","nt_forester_page_herobtn_linktype":"external","nt_forester_page_herobtn":"","nt_forester_page_herobtn_url":"","nt_forester_page_herobtn_icon_display":"0","nt_forester_page_herobtn_icon":"","nt_forester_page_herobtn_iconpos":"before","nt_forester_page_herobtn_bg":"btn-primary","nt_forester_page_herobtn_custombg":"","nt_forester_page_herobtn_hoverbg":"","nt_forester_page_herobtn_titlecolor":"","nt_forester_page_herobtn_titlehover":"","nt_forester_page_herobtn_size":"btn-sm","nt_forester_pagelayout":"right-sidebar"},"_links":{"self":[{"href":"https:\/\/jobufer.com\/index.php\/wp-json\/wp\/v2\/pages\/3431","targetHints":{"allow":["GET"]}}],"collection":[{"href":"https:\/\/jobufer.com\/index.php\/wp-json\/wp\/v2\/pages"}],"about":[{"href":"https:\/\/jobufer.com\/index.php\/wp-json\/wp\/v2\/types\/page"}],"author":[{"embeddable":true,"href":"https:\/\/jobufer.com\/index.php\/wp-json\/wp\/v2\/users\/1"}],"replies":[{"embeddable":true,"href":"https:\/\/jobufer.com\/index.php\/wp-json\/wp\/v2\/comments?post=3431"}],"version-history":[{"count":1,"href":"https:\/\/jobufer.com\/index.php\/wp-json\/wp\/v2\/pages\/3431\/revisions"}],"predecessor-version":[{"id":4428,"href":"https:\/\/jobufer.com\/index.php\/wp-json\/wp\/v2\/pages\/3431\/revisions\/4428"}],"wp:attachment":[{"href":"https:\/\/jobufer.com\/index.php\/wp-json\/wp\/v2\/media?parent=3431"}],"curies":[{"name":"wp","href":"https:\/\/api.w.org\/{rel}","templated":true}]}}