{"id":3456,"date":"2021-09-09T06:24:07","date_gmt":"2021-09-09T06:24:07","guid":{"rendered":"https:\/\/jobufer.com\/?page_id=3456"},"modified":"2022-09-22T10:31:55","modified_gmt":"2022-09-22T10:31:55","slug":"recogida-de-aceite-usado","status":"publish","type":"page","link":"https:\/\/jobufer.com\/index.php\/recogida-de-aceite-usado\/","title":{"rendered":"RECOGIDA DE ACEITE USADO"},"content":{"rendered":"<div class=\"wpb-content-wrapper\">\n<p>[vc_row][vc_column][vc_column_text]<\/p>\n<h3 style=\"text-align: center;\"><strong><em><u>RECOGIDA DE ACEITE USADO: NUESTRO SISTEMA DE TRABAJO<\/u><\/em><\/strong><\/h3>\n<hr>\n<h3 style=\"text-align: center;\">\u00bfC\u00f3mo trabajamos en JOBUFER S.L.?<\/h3>\n<p style=\"text-align: center;\">Toda la informaci\u00f3n sobre la <em><strong>recogida de aceite usado<\/strong><\/em> en hosteler\u00eda por nuestra empresa<a href=\"https:\/\/jobufer.com\/index.php\/la-empresa-jobufer-gestores-residuos-aceite-vegetal-reciclado\/\"><strong><em> JOBUFER S.L.<\/em><\/strong><\/a><\/p>\n<p>\u00a0<\/p>\n<p>[\/vc_column_text][\/vc_column][\/vc_row][vc_row][vc_column width=\u00bb1\/3\u2033][\/vc_column][vc_column width=\u00bb1\/3\u2033][vc_zigzag][\/vc_column][vc_column width=\u00bb1\/3\u2033][\/vc_column][\/vc_row][vc_row][vc_column width=\u00bb1\/4\u2033][vc_single_image image=\u00bb4165\u2033 img_size=\u00bb60\u00d760\u2033 alignment=\u00bbcenter\u00bb css_animation=\u00bbbounceInLeft\u00bb][\/vc_column][vc_column width=\u00bb1\/2\u2033][vc_column_text]Hacemos entrega a proveedores de los envases necesarios para la retirada del residuo, sustituyendolos por otros limpios en cada recogida.[\/vc_column_text][\/vc_column][vc_column width=\u00bb1\/4\u2033][\/vc_column][\/vc_row][vc_row][vc_column width=\u00bb1\/3\u2033][\/vc_column][vc_column width=\u00bb1\/3\u2033][vc_zigzag][\/vc_column][vc_column width=\u00bb1\/3\u2033][\/vc_column][\/vc_row][vc_row][vc_column width=\u00bb1\/4\u2033][vc_single_image image=\u00bb4166\u2033 img_size=\u00bb60\u00d760\u2033 alignment=\u00bbcenter\u00bb css_animation=\u00bbbounceInLeft\u00bb][\/vc_column][vc_column width=\u00bb1\/2\u2033][vc_column_text]Realizamos un contrato de gesti\u00f3n de residuos personalizado, cumpliendo con todos los requisitos sanitarios y la <a href=\"https:\/\/www.boe.es\/buscar\/act.php?id=BOE-A-2011-13046\"><em>legislaci\u00f3n vigente<\/em><\/a> para los productores de residuos (Art.46.3.b LEY 22\/2011)[\/vc_column_text][\/vc_column][vc_column width=\u00bb1\/4\u2033][\/vc_column][\/vc_row][vc_row][vc_column width=\u00bb1\/3\u2033][\/vc_column][vc_column width=\u00bb1\/3\u2033][vc_zigzag][\/vc_column][vc_column width=\u00bb1\/3\u2033][\/vc_column][\/vc_row][vc_row][vc_column width=\u00bb1\/4\u2033][vc_single_image image=\u00bb4167\u2033 img_size=\u00bb60\u00d760\u2033 alignment=\u00bbcenter\u00bb css_animation=\u00bbbounceInLeft\u00bb][\/vc_column][vc_column width=\u00bb1\/2\u2033][vc_column_text]Informatizaci\u00f3n y seguimiento del proceso de recogida del residuo desde el origen hasta su destino final de fabricaci\u00f3n de biodiesel.[\/vc_column_text][\/vc_column][vc_column width=\u00bb1\/4\u2033][\/vc_column][\/vc_row][vc_row][vc_column width=\u00bb1\/3\u2033][\/vc_column][vc_column width=\u00bb1\/3\u2033][vc_zigzag][\/vc_column][vc_column width=\u00bb1\/3\u2033][\/vc_column][\/vc_row][vc_row][vc_column width=\u00bb1\/4\u2033][vc_single_image image=\u00bb4166\u2033 img_size=\u00bb60\u00d760\u2033 alignment=\u00bbcenter\u00bb css_animation=\u00bbbounceInLeft\u00bb][\/vc_column][vc_column width=\u00bb1\/2\u2033][vc_column_text]Env\u00edo del documento de recogida por e-mail en el mismo momento de la retirada del aceite vegetal usado.[\/vc_column_text][\/vc_column][vc_column width=\u00bb1\/4\u2033][\/vc_column][\/vc_row][vc_row][vc_column width=\u00bb1\/3\u2033][\/vc_column][vc_column width=\u00bb1\/3\u2033][vc_zigzag][\/vc_column][vc_column width=\u00bb1\/3\u2033][\/vc_column][\/vc_row][vc_row][vc_column width=\u00bb1\/4\u2033][vc_single_image image=\u00bb4168\u2033 img_size=\u00bb60\u00d760\u2033 alignment=\u00bbcenter\u00bb css_animation=\u00bbbounceInLeft\u00bb][\/vc_column][vc_column width=\u00bb1\/2\u2033][vc_column_text]Disponemos de varias ofertas comerciales a cambio de la <i>recogida de aceite usado,<\/i> adaptando nuestro sistema de trabajo a las necesidades de su establecimiento. Si desea recibir m\u00e1s informaci\u00f3n o asesoramiento personal, puede llamarnos al\u00a0 <strong>968 337 717.<\/strong>[\/vc_column_text][\/vc_column][vc_column width=\u00bb1\/4\u2033][\/vc_column][\/vc_row][vc_row][vc_column width=\u00bb1\/3\u2033][\/vc_column][vc_column width=\u00bb1\/3\u2033][vc_zigzag][\/vc_column][vc_column width=\u00bb1\/3\u2033][\/vc_column][\/vc_row]<\/p>\n<\/div>","protected":false},"excerpt":{"rendered":"<p>[vc_row][vc_column][vc_column_text] RECOGIDA DE ACEITE USADO: NUESTRO SISTEMA DE TRABAJO \u00bfC\u00f3mo trabajamos en JOBUFER S.L.? Toda la informaci\u00f3n sobre la recogida de aceite usado en hosteler\u00eda por nuestra empresa JOBUFER S.L. \u00a0 [\/vc_column_text][\/vc_column][\/vc_row][vc_row][vc_column width=\u00bb1\/3\u2033][\/vc_column][vc_column width=\u00bb1\/3\u2033][vc_zigzag][\/vc_column][vc_column width=\u00bb1\/3\u2033][\/vc_column][\/vc_row][vc_row][vc_column width=\u00bb1\/4\u2033][vc_single_image image=\u00bb4165\u2033 img_size=\u00bb60\u00d760\u2033 alignment=\u00bbcenter\u00bb css_animation=\u00bbbounceInLeft\u00bb][\/vc_column][vc_column width=\u00bb1\/2\u2033][vc_column_text]Hacemos entrega a proveedores de los envases necesarios para la retirada del residuo, sustituyendolos por [&hellip;]<\/p>\n","protected":false},"author":1,"featured_media":0,"parent":0,"menu_order":4,"comment_status":"closed","ping_status":"closed","template":"","meta":{"rop_custom_images_group":[],"rop_custom_messages_group":[],"rop_publish_now":"initial","rop_publish_now_accounts":{"facebook_391207609099785_107747471705101":"","twitter_1455864053738483718_1455864053738483718":""},"rop_publish_now_history":[],"rop_publish_now_status":"pending","footnotes":""},"class_list":["post-3456","page","type-page","status-publish","hentry"],"meta_box":{"nt_forester_menutype":"p","nt_forester_section_name":["Menu item name"],"nt_forester_section_url":["#sectionname"],"nt_forester_page_nav_bgcolor":"","nt_forester_page_sticky_bg":"","nt_forester_page_nav_color":"","nt_forester_page_nav_hovercolor":"","nt_forester_page_nav_border_color":"","nt_forester_footer_display":"0","nt_forester_f_bgcolor":"","nt_forester_f_border_t_c":"","nt_forester_f_text_c":"","nt_forester_f_social_bg":"","nt_forester_f_social_i_c":"","nt_forester_page_hero_display":"0","nt_forester_page_bg_image":[],"nt_forester_page_bg_color":"","nt_forester_page_header_height":"","nt_forester_header_p_top":"","nt_forester_header_p_bottom":"","nt_forester_title_display":"0","nt_forester_use_bigtitle":"0","nt_forester_alt_title":"","nt_forester_page_title_color":"","nt_forester_page_title_mb":"","nt_forester_disable_subtitle":"0","nt_forester_subtitle":"","nt_forester_page_subtitle_color":"","nt_forester_page_subtitle_maxw":"","nt_forester_page_subtitle_mb":"","nt_forester_page_bread_display":"0","nt_forester_page_herobtn_display":"0","nt_forester_page_herobtn_linktype":"external","nt_forester_page_herobtn":"","nt_forester_page_herobtn_url":"","nt_forester_page_herobtn_icon_display":"0","nt_forester_page_herobtn_icon":"","nt_forester_page_herobtn_iconpos":"before","nt_forester_page_herobtn_bg":"btn-primary","nt_forester_page_herobtn_custombg":"","nt_forester_page_herobtn_hoverbg":"","nt_forester_page_herobtn_titlecolor":"","nt_forester_page_herobtn_titlehover":"","nt_forester_page_herobtn_size":"btn-sm","nt_forester_pagelayout":"right-sidebar"},"_links":{"self":[{"href":"https:\/\/jobufer.com\/index.php\/wp-json\/wp\/v2\/pages\/3456","targetHints":{"allow":["GET"]}}],"collection":[{"href":"https:\/\/jobufer.com\/index.php\/wp-json\/wp\/v2\/pages"}],"about":[{"href":"https:\/\/jobufer.com\/index.php\/wp-json\/wp\/v2\/types\/page"}],"author":[{"embeddable":true,"href":"https:\/\/jobufer.com\/index.php\/wp-json\/wp\/v2\/users\/1"}],"replies":[{"embeddable":true,"href":"https:\/\/jobufer.com\/index.php\/wp-json\/wp\/v2\/comments?post=3456"}],"version-history":[{"count":19,"href":"https:\/\/jobufer.com\/index.php\/wp-json\/wp\/v2\/pages\/3456\/revisions"}],"predecessor-version":[{"id":4177,"href":"https:\/\/jobufer.com\/index.php\/wp-json\/wp\/v2\/pages\/3456\/revisions\/4177"}],"wp:attachment":[{"href":"https:\/\/jobufer.com\/index.php\/wp-json\/wp\/v2\/media?parent=3456"}],"curies":[{"name":"wp","href":"https:\/\/api.w.org\/{rel}","templated":true}]}}