{"id":3460,"date":"2021-09-09T07:46:44","date_gmt":"2021-09-09T07:46:44","guid":{"rendered":"https:\/\/jobufer.com\/?page_id=3460"},"modified":"2025-07-01T09:18:51","modified_gmt":"2025-07-01T09:18:51","slug":"recogida-de-aceite-usado-en-hosteleria","status":"publish","type":"page","link":"https:\/\/jobufer.com\/index.php\/recogida-de-aceite-usado\/recogida-de-aceite-usado-en-hosteleria\/","title":{"rendered":"Recogida de aceite usado en hosteler\u00eda"},"content":{"rendered":"<div class=\"wpb-content-wrapper\">\n<p>[vc_row][vc_column width=\u00bb1\/2\u2033][vc_column_text]<\/p>\n<h2><span style=\"color: #375ba0;\"><strong>RECOGIDA DE ACEITE USADO EN HOSTELERIA<\/strong><\/span><\/h2>\n<p>La <span style=\"color: #375ba0;\"><strong><u>recogida de aceite usado en hosteler\u00eda<\/u><\/strong><\/span> es el principal servicio que ofrecemos en nuestra empresa <strong><span class=\"tm7\"><span style=\"color: #375ba0;\"><em><span style=\"color: #375ba0;\">JOBUFER<\/span> S.L<\/em>. <\/span><\/span><\/strong><span class=\"tm7\">Dicho servicio c<\/span>onsiste en la <span style=\"color: #a6b218;\"><strong><em>recogida de<\/em><\/strong><em><strong> aceite vegetal usado<\/strong><\/em><\/span>, as\u00ed como la recogida de otro tipo de residuos biodegradables procedentes de cocina. Todos los residuos son depositados correctamente en nuestros contenedores, los cuales se encuentran totalmente habilitados para ello. El servicio se presta en el propio local del cliente, para luego proceder al traslado del aceite a nuestra planta de tratamiento y reciclado, situada en el pol\u00edgono industrial de La Uni\u00f3n, localidad situada en la Regi\u00f3n de Murcia. En nuestra planta realizamos el tratamiento de los residuos del aceite\u00a0 y reciclamos, a trav\u00e9s de un moderno e innovador proceso, dicho aceite usado para su posterior conversi\u00f3n en<span style=\"color: #375ba0;\"> biodi\u00e9sel<\/span> (<a href=\"https:\/\/www.rinconeducativo.org\/es\/recursos-educativos\/que-es-el-biodiesel\"><span style=\"color: #a6b218;\">\u00bfQu\u00e9 es el biodi\u00e9sel?<\/span><\/a>).<\/p>\n<p>En el servicio de recogida que ofrecemos tambi\u00e9n nos encargamos de <span style=\"color: #000000;\">sustituir todos los<\/span><span style=\"color: #000000;\"> contenedores de<\/span><span style=\"color: #375ba0;\"> aceite usado<\/span> llenos por otros <span class=\"tm7\">contenedores totalmente limpios e higienizados. Todo ese proceso corre completamente de nuestra parte, sin que se tenga que aportar ning\u00fan extra.<\/span><\/p>\n<p>La frecuencia de <span style=\"color: #375ba0;\"><em><strong>recogida de <\/strong><strong>aceite <span style=\"color: #375ba0;\">usado<\/span> en hosteler\u00eda<\/strong><\/em><\/span> se establecer\u00e1 conjuntamente con el cliente, seg\u00fan las necesidades y comodidad del establecimiento hostelero al que estemos prestando servicio, pudiendo \u00e9ste solicitar tambi\u00e9n otras <span style=\"color: #a6b218;\">recogidas extraordinarias<\/span> en periodos de mayor actividad del local. Solamente tendr\u00e1n que llamar a uno de nuestros tel\u00e9fonos de atenci\u00f3n al cliente, o bien ponerse en contacto con nosotros a trav\u00e9s los canales de Whatsapp o email que hay habilitados para ello.<span style=\"color: #375ba0;\"> Todas<\/span> l<span style=\"color: #375ba0;\">as recogidas extraordinarias tendr\u00e1n prioridad y ser\u00e1n atendidas en un plazo de 24-48 horas como m\u00e1ximo.<\/span><\/p>\n<p class=\"Normal tm5 tm6\" style=\"text-align: justify;\"><span class=\"tm7\">Toda <span style=\"color: #375ba0;\"><strong><em>recogida de aceite usado en hosteler\u00eda<\/em><\/strong> <\/span>quedar\u00e1 completamente reflejada en el contrato, donde tambi\u00e9n quedar\u00e1n reflejadas todas y cada una de las condiciones y contraprestaciones que la empresa <span style=\"color: #375ba0;\"><strong><em>JOBUFER S.L<\/em><\/strong>.<\/span>\u00a0acuerde con cada uno de los clientes, seg\u00fan el volumen de <em>recogida de aceite vegetal usado en hosteler\u00eda<\/em> y de los correspondientes certificados que acreditan el <span style=\"color: #a6b218;\">cumplimiento de las normativas<\/span> para dicha actividad (<a href=\"https:\/\/jobufer.com\/index.php\/normativayley\/\"><span style=\"color: #a6b218;\">ver normativa<\/span><\/a>) y, as\u00ed mismo, para justificaci\u00f3n ante otros organismos e instituciones del cumplimiento de las normas aplicables al sector. De esta manera, todas las <span style=\"color: #375ba0;\"><em>recogida de aceite usado en hosteler\u00eda<\/em><\/span> quedar\u00e1n guardadas en la base de datos de nuestra empresa para poder demostrar en todo momento el cumplimiento estricto de las mismas, en caso de ser necesario.<\/span><\/p>\n<p>[\/vc_column_text][\/vc_column][vc_column width=\u00bb1\/2\u2033][vc_single_image image=\u00bb3461\u2033 img_size=\u00bblarge\u00bb onclick=\u00bblink_image\u00bb][vc_column_text css=\u00bb.vc_custom_1663150405204{margin-top: 20px !important;}\u00bb]<\/p>\n<p style=\"text-align: center;\"><strong>PUEDE SOLICITAR <\/strong><a href=\"https:\/\/jobufer.com\/index.php\/recogida\/\"><em><strong><u>UNA RECOGIDA<\/u><\/strong><\/em><\/a><strong> DE ACEITE USADO LLAMANDO <\/strong><\/p>\n<p style=\"text-align: center;\"><strong>A UNO DE NUESTROS TEL\u00c9FONOS DE ATENCI\u00d3N AL CLIENTE<\/strong><\/p>\n<h3 style=\"text-align: center;\"><strong>968 337 717 || 680633340<\/strong><\/h3>\n<h5 style=\"text-align: center;\">o bien rellenando y enviando el siguiente formulario: <span style=\"color: #a6b218;\"><strong><a style=\"color: #a6b218;\" href=\"https:\/\/jobufer.com\/index.php\/recogida\/\">PULSAR AQU\u00cd<\/a><\/strong><\/span>\n<\/h5>\n<p>[\/vc_column_text][\/vc_column][\/vc_row][vc_row][vc_column][\/vc_column][\/vc_row]<\/p>\n<\/div>","protected":false},"excerpt":{"rendered":"<p>[vc_row][vc_column width=\u00bb1\/2\u2033][vc_column_text] RECOGIDA DE ACEITE USADO EN HOSTELERIA La recogida de aceite usado en hosteler\u00eda es el principal servicio que ofrecemos en nuestra empresa JOBUFER S.L. Dicho servicio consiste en la recogida de aceite vegetal usado, as\u00ed como la recogida de otro tipo de residuos biodegradables procedentes de cocina. Todos los residuos son depositados correctamente [&hellip;]<\/p>\n","protected":false},"author":1,"featured_media":3461,"parent":3456,"menu_order":1,"comment_status":"closed","ping_status":"closed","template":"","meta":{"rop_custom_images_group":[],"rop_custom_messages_group":[],"rop_publish_now":"initial","rop_publish_now_accounts":{"facebook_391207609099785_107747471705101":"","twitter_1455864053738483718_1455864053738483718":""},"rop_publish_now_history":[],"rop_publish_now_status":"pending","footnotes":""},"class_list":["post-3460","page","type-page","status-publish","has-post-thumbnail","hentry"],"meta_box":{"nt_forester_menutype":"p","nt_forester_section_name":["Menu item name"],"nt_forester_section_url":["#sectionname"],"nt_forester_page_nav_bgcolor":"","nt_forester_page_sticky_bg":"","nt_forester_page_nav_color":"","nt_forester_page_nav_hovercolor":"","nt_forester_page_nav_border_color":"","nt_forester_footer_display":"0","nt_forester_f_bgcolor":"","nt_forester_f_border_t_c":"","nt_forester_f_text_c":"","nt_forester_f_social_bg":"","nt_forester_f_social_i_c":"","nt_forester_page_hero_display":"0","nt_forester_page_bg_image":[{"width":150,"height":150,"file":"2025\/07\/furgoneta01-1.jpg","filesize":115528,"sizes":{"medium":{"file":"furgoneta01-1-300x107.jpg","width":300,"height":107,"mime-type":"image\/jpeg","filesize":12646,"url":"https:\/\/jobufer.com\/wp-content\/uploads\/2025\/07\/furgoneta01-1-300x107.jpg"},"large":{"file":"furgoneta01-1-1024x366.jpg","width":1024,"height":366,"mime-type":"image\/jpeg","filesize":44812,"url":"https:\/\/jobufer.com\/wp-content\/uploads\/2025\/07\/furgoneta01-1-1024x366.jpg"},"thumbnail":{"file":"furgoneta01-1-150x150.jpg","width":150,"height":150,"mime-type":"image\/jpeg","filesize":12744,"url":"https:\/\/jobufer.com\/wp-content\/uploads\/2025\/07\/furgoneta01-1-150x150.jpg"},"medium_large":{"file":"furgoneta01-1-768x274.jpg","width":768,"height":274,"mime-type":"image\/jpeg","filesize":31330,"url":"https:\/\/jobufer.com\/wp-content\/uploads\/2025\/07\/furgoneta01-1-768x274.jpg"},"1536x1536":{"file":"furgoneta01-1-1536x549.jpg","width":1536,"height":549,"mime-type":"image\/jpeg","filesize":75129,"url":"https:\/\/jobufer.com\/wp-content\/uploads\/2025\/07\/furgoneta01-1-1536x549.jpg"}},"image_meta":{"aperture":"0","credit":"","camera":"","caption":"","created_timestamp":"0","copyright":"","focal_length":"0","iso":"0","shutter_speed":"0","title":"","orientation":"1","keywords":[]},"ID":"4438","name":"furgoneta01-1.jpg","path":"\/home\/ra26399\/public_html\/wp-content\/uploads\/2025\/07\/furgoneta01-1.jpg","url":"https:\/\/jobufer.com\/wp-content\/uploads\/2025\/07\/furgoneta01-1-150x150.jpg","full_url":"https:\/\/jobufer.com\/wp-content\/uploads\/2025\/07\/furgoneta01-1.jpg","title":"furgoneta01 (1)","caption":"","description":"","alt":"","srcset":false}],"nt_forester_page_bg_color":"","nt_forester_page_header_height":"","nt_forester_header_p_top":"","nt_forester_header_p_bottom":"","nt_forester_title_display":"0","nt_forester_use_bigtitle":"0","nt_forester_alt_title":"","nt_forester_page_title_color":"","nt_forester_page_title_mb":"","nt_forester_disable_subtitle":"0","nt_forester_subtitle":"","nt_forester_page_subtitle_color":"","nt_forester_page_subtitle_maxw":"","nt_forester_page_subtitle_mb":"","nt_forester_page_bread_display":"0","nt_forester_page_herobtn_display":"0","nt_forester_page_herobtn_linktype":"external","nt_forester_page_herobtn":"","nt_forester_page_herobtn_url":"","nt_forester_page_herobtn_icon_display":"0","nt_forester_page_herobtn_icon":"","nt_forester_page_herobtn_iconpos":"before","nt_forester_page_herobtn_bg":"btn-primary","nt_forester_page_herobtn_custombg":"","nt_forester_page_herobtn_hoverbg":"","nt_forester_page_herobtn_titlecolor":"","nt_forester_page_herobtn_titlehover":"","nt_forester_page_herobtn_size":"btn-sm","nt_forester_pagelayout":"right-sidebar"},"_links":{"self":[{"href":"https:\/\/jobufer.com\/index.php\/wp-json\/wp\/v2\/pages\/3460","targetHints":{"allow":["GET"]}}],"collection":[{"href":"https:\/\/jobufer.com\/index.php\/wp-json\/wp\/v2\/pages"}],"about":[{"href":"https:\/\/jobufer.com\/index.php\/wp-json\/wp\/v2\/types\/page"}],"author":[{"embeddable":true,"href":"https:\/\/jobufer.com\/index.php\/wp-json\/wp\/v2\/users\/1"}],"replies":[{"embeddable":true,"href":"https:\/\/jobufer.com\/index.php\/wp-json\/wp\/v2\/comments?post=3460"}],"version-history":[{"count":25,"href":"https:\/\/jobufer.com\/index.php\/wp-json\/wp\/v2\/pages\/3460\/revisions"}],"predecessor-version":[{"id":4232,"href":"https:\/\/jobufer.com\/index.php\/wp-json\/wp\/v2\/pages\/3460\/revisions\/4232"}],"up":[{"embeddable":true,"href":"https:\/\/jobufer.com\/index.php\/wp-json\/wp\/v2\/pages\/3456"}],"wp:featuredmedia":[{"embeddable":true,"href":"https:\/\/jobufer.com\/index.php\/wp-json\/wp\/v2\/media\/3461"}],"wp:attachment":[{"href":"https:\/\/jobufer.com\/index.php\/wp-json\/wp\/v2\/media?parent=3460"}],"curies":[{"name":"wp","href":"https:\/\/api.w.org\/{rel}","templated":true}]}}