{"id":3473,"date":"2021-09-09T09:01:26","date_gmt":"2021-09-09T09:01:26","guid":{"rendered":"https:\/\/jobufer.com\/?page_id=3473"},"modified":"2025-07-01T09:19:45","modified_gmt":"2025-07-01T09:19:45","slug":"recogida-de-aceite-vegetal-usado-en-murcia","status":"publish","type":"page","link":"https:\/\/jobufer.com\/index.php\/recogida-de-aceite-usado\/recogida-de-aceite-vegetal-usado-en-murcia\/","title":{"rendered":"Recogida de aceite vegetal usado en Murcia"},"content":{"rendered":"<div class=\"wpb-content-wrapper\">\n<p>[vc_row][vc_column width=\u00bb1\/2\u2033][vc_column_text]<\/p>\n<h1><span style=\"color: #375ba0;\">RECOGIDA DE ACEITE VEGETAL USADO EN MURCIA<\/span><\/h1>\n<p class=\"Normal tm5 tm6\" style=\"text-align: justify;\"><span class=\"tm7\">La\u00a0<\/span><span style=\"color: #375ba0;\"><em><strong><u>recogida de aceite vegetal usado en Murcia<\/u><\/strong><\/em><\/span><span class=\"tm7\">\u00a0es uno de los servicios principales que se ofrece la empresa <span style=\"color: #375ba0;\"><strong><em><span style=\"color: #375ba0;\">JOBUFER<\/span> S.L<\/em><\/strong>.<\/span> As\u00ed, en nuestra empresa ofrecemos un amplio servicio de <\/span><span style=\"color: #a6b218;\"><em><strong><span class=\"tm8\">recogida de aceite vegetal usado en Murcia<\/span><\/strong><\/em><\/span><span class=\"tm7\">, tanto de <em>recogida de aceite de catering <\/em>como tambi\u00e9n de<em> recogida de aceite de restaurantes en Murcia<\/em><strong>, <\/strong>as\u00ed como de cualquier otro posible <span style=\"color: #375ba0;\">residuo biodegradable<\/span> de cocina<strong>. <\/strong>El <span style=\"color: #375ba0;\"><strong>aceite vegetal para reciclaje <\/strong><\/span>es depositado correctamente en nuestros contenedores de<span style=\"color: #000000;\"> aceite usado, todos ellos <\/span>especialmente habilitados para dicha funci\u00f3n. <\/span>El servicio se presta en el propio local del cliente, trasladando posteriormente los residuos a nuestra <span style=\"color: #375ba0;\">planta de tratamiento y reciclado<\/span>, situada en el pol\u00edgono industrial de la localidad de La Uni\u00f3n, en la Regi\u00f3n de Murcia. All\u00ed, nos ocupamos del tratamiento del aceite usado y lo reciclamos mediante un moderno e innovador proceso, para su posterior conversi\u00f3n en <span style=\"color: #375ba0;\">biodi\u00e9sel<\/span> (<a href=\"https:\/\/www.rinconeducativo.org\/es\/recursos-educativos\/que-es-el-biodiesel\"><span style=\"color: #a6b218;\">\u00bfQu\u00e9 es el biodi\u00e9sel?<\/span><\/a>).<\/p>\n<p class=\"Normal tm5 tm6\" style=\"text-align: justify;\"><span class=\"tm7\">En nuestro servicio de <span style=\"color: #000000;\">recogida de aceite<\/span> tambi\u00e9n nos encargamos de sustitu\u00edr los contenedores de aceite usado llenos por otros contenedores totalmente limpios e higienizados. Todo ese proceso corre completamente de nuestra parte. La frecuencia de <span style=\"color: #375ba0;\"><strong><span class=\"tm8\">recogida del aceite vegetal usado en Murcia<\/span><\/strong><\/span> se establecer\u00e1 conjuntamente con el cliente, seg\u00fan las necesidades y comodidad de \u00e9ste y del propio local. Adem\u00e1s<\/span><span class=\"tm7\">, podr\u00e1n solicitarnos otras <span style=\"color: #a6b218;\"><em>recogidas extraordinarias<\/em><\/span> en periodos de mucha actividad. Solamente tiene que llamar a nuestro tel\u00e9fono de atenci\u00f3n al cliente o bien contactar a trav\u00e9s de los correspondientes canales de Whatsapp o email que tenemos habilitados para ello. <span style=\"color: #375ba0;\">Las recogidas extraordinarias de aceite tendr\u00e1n prioridad y ser\u00e1n atendidas en un plazo de 24-48 horas como m\u00e1ximo.<\/span><\/span><\/p>\n<p>\u00a0<\/p>\n<h2><span style=\"color: #a6b218;\"><strong>NORMATIVAS EUROPEAS<\/strong><\/span><\/h2>\n<p class=\"Normal tm5 tm6\" style=\"text-align: justify;\"><span class=\"tm7\">Toda la recogida de <span style=\"color: #375ba0;\"><strong><em>aceite vegetal usado para reciclaje en Murcia<\/em><\/strong><\/span> queda reflejada en el contrato, donde tambi\u00e9n aparecer\u00e1n las condiciones y contraprestaciones que la empresa <span style=\"color: #375ba0;\"><strong><em>JOBUFER S.L<\/em><\/strong>.<\/span>\u00a0acuerde con cada uno de los clientes, seg\u00fan el volumen de recogida de aceite vegetal usado en Murcia y de los correspondientes certificados que acreditan el cumplimiento de las normativas para la actividad (<a href=\"https:\/\/jobufer.com\/index.php\/normativayley\/\"><em><span style=\"color: #a6b218;\">ver normativa<\/span><\/em><\/a>) y para justificaci\u00f3n ante otros organismos e instituciones del cumplimiento de las <strong><span style=\"color: #a6b218;\">normas aplicables al sector<\/span><\/strong>. De esta manera, todas las recogidas de<span style=\"color: #375ba0;\"><em> aceite usado en Murcia<\/em><\/span> aparecen guardadas en nuestra base de datos para poder demostrar en todo momento el cumplimiento estricto de las mismas.<\/span><\/p>\n<p><img loading=\"lazy\" decoding=\"async\" class=\"wp-image-3145 aligncenter\" src=\"https:\/\/jobufer.com\/wp-content\/uploads\/2021\/02\/cecycle.png\" alt=\"RECOGIDA DE ACEITE VEGETAL USADO PARA RECICLAJE EN MURCIA\" width=\"146\" height=\"146\" srcset=\"https:\/\/jobufer.com\/wp-content\/uploads\/2021\/02\/cecycle.png 256w, https:\/\/jobufer.com\/wp-content\/uploads\/2021\/02\/cecycle-150x150.png 150w\" sizes=\"auto, (max-width: 146px) 100vw, 146px\">[\/vc_column_text][\/vc_column][vc_column width=\u00bb1\/2\u2033][vc_single_image image=\u00bb3410\u2033 img_size=\u00bblarge\u00bb][vc_column_text]<\/p>\n<p style=\"text-align: center;\"><strong>PUEDE SOLICITAR <\/strong><a href=\"https:\/\/jobufer.com\/index.php\/recogida\/\"><em><strong><u>UNA RECOGIDA<\/u><\/strong><\/em><\/a><strong> DE ACEITE USADO LLAMANDO <\/strong><\/p>\n<p style=\"text-align: center;\"><strong>A UNO DE NUESTROS TEL\u00c9FONOS DE ATENCI\u00d3N AL CLIENTE<\/strong><\/p>\n<h3 style=\"text-align: center;\"><strong>968 337 717 || 680633340<\/strong><\/h3>\n<h5 style=\"text-align: center;\">o bien rellenando y enviando el siguiente formulario: <span style=\"color: #a6b218;\"><strong><a style=\"color: #a6b218;\" href=\"https:\/\/jobufer.com\/index.php\/recogida\/\">PULSAR AQU\u00cd<\/a><\/strong><\/span>\n<\/h5>\n<p>[\/vc_column_text][\/vc_column][\/vc_row][vc_row][vc_column][vc_column_text]<\/p>\n<p>[\/vc_column_text][\/vc_column][vc_column width=\u00bb1\/2\u2033][vc_gallery type=\u00bbnivo\u00bb interval=\u00bb3\u2033 images=\u00bb7,2962,2965\u2033 img_size=\u00bblarge\u00bb][vc_single_image image=\u00bb4425\u2033 img_size=\u00bbmedium\u00bb alignment=\u00bbright\u00bb onclick=\u00bblink_image\u00bb css_animation=\u00bbbounceInLeft\u00bb][\/vc_column][\/vc_row][vc_row full_width=\u00bbstretch_row\u00bb css=\u00bb.vc_custom_1613989259345{padding-top: 20px !important;padding-bottom: 40px !important;background-color: #f2f4ec !important;}\u00bb nt_row_loop_breakpoint=\u00bb%5B%7B%7D%5D\u00bb][vc_column width=\u00bb1\/2\u2033][vc_single_image image=\u00bb3160\u2033 img_size=\u00bb177\u00d7150\u2033 alignment=\u00bbcenter\u00bb onclick=\u00bblink_image\u00bb css_animation=\u00bbbounceInRight\u00bb][\/vc_column][vc_column width=\u00bb1\/2\u2033][vc_single_image image=\u00bb3164\u2033 img_size=\u00bb214\u00d7150\u2033 alignment=\u00bbcenter\u00bb onclick=\u00bbcustom_link\u00bb css_animation=\u00bbbounceInRight\u00bb link=\u00bbhttp:\/\/www.geregras.es\u00bb][\/vc_column][\/vc_row][vc_row full_width=\u00bbstretch_row\u00bb css=\u00bb.vc_custom_1610876209439{margin-bottom: 0px !important;padding-bottom: 20px !important;background-color: #333333 !important;}\u00bb nt_row_loop_breakpoint=\u00bb%5B%7B%7D%5D\u00bb][vc_column width=\u00bb1\/4\u2033][vc_icon icon_fontawesome=\u00bbfas fa-tint\u00bb color=\u00bbcustom\u00bb size=\u00bbxl\u00bb align=\u00bbcenter\u00bb css_animation=\u00bbbounceInUp\u00bb custom_color=\u00bb#ffcc00\u2033]<\/p>\n<div class=\"fact-container black text-center\"><div class=\"fact\">\n<h1 class=\"counter\" style=\" color:#ffffff!important;\">86000<\/h1>\n<h3 style=\" color:#ffffff!important;\">Litros acite reciclado<\/h3>\n<\/div><\/div>[\/vc_column][vc_column width=\u00bb1\/4\u2033][vc_icon icon_fontawesome=\u00bbfas fa-recycle\u00bb color=\u00bbcustom\u00bb size=\u00bbxl\u00bb align=\u00bbcenter\u00bb css_animation=\u00bbbounceInUp\u00bb custom_color=\u00bb#3cbf00\u2033]<div class=\"fact-container black text-center\"><div class=\"fact\">\n<h1 class=\"counter\" style=\" color:#ffffff!important;\">120<\/h1>\n<h3 style=\" color:#ffffff!important;\">Contenedores<\/h3>\n<\/div><\/div>[\/vc_column][vc_column width=\u00bb1\/4\u2033][vc_icon icon_fontawesome=\u00bbfas fa-truck\u00bb color=\u00bbcustom\u00bb size=\u00bbxl\u00bb align=\u00bbcenter\u00bb css_animation=\u00bbbounceInUp\u00bb custom_color=\u00bb#1e73be\u00bb]<div class=\"fact-container black text-center\"><div class=\"fact\">\n<h1 class=\"counter\" style=\" color:#ffffff!important;\">16<\/h1>\n<h3 style=\" color:#ffffff!important;\">Veh\u00edculos Biodiesel<\/h3>\n<\/div><\/div>[\/vc_column][vc_column width=\u00bb1\/4\u2033][vc_icon icon_fontawesome=\u00bbfas fa-users\u00bb color=\u00bbcustom\u00bb size=\u00bbxl\u00bb align=\u00bbcenter\u00bb css_animation=\u00bbbounceInUp\u00bb custom_color=\u00bb#ff0000\u2033]<div class=\"fact-container black text-center\"><div class=\"fact\">\n<h1 class=\"counter\" style=\" color:#ffffff!important;\">18<\/h1>\n<h3 style=\" color:#ffffff!important;\">personas empleadas<\/h3>\n<\/div><\/div>[\/vc_column][\/vc_row]\n<\/div>","protected":false},"excerpt":{"rendered":"<p>[vc_row][vc_column width=\u00bb1\/2\u2033][vc_column_text] RECOGIDA DE ACEITE VEGETAL USADO EN MURCIA La\u00a0recogida de aceite vegetal usado en Murcia\u00a0es uno de los servicios principales que se ofrece la empresa JOBUFER S.L. As\u00ed, en nuestra empresa ofrecemos un amplio servicio de recogida de aceite vegetal usado en Murcia, tanto de recogida de aceite de catering como tambi\u00e9n de recogida [&hellip;]<\/p>\n","protected":false},"author":1,"featured_media":0,"parent":3456,"menu_order":2,"comment_status":"closed","ping_status":"closed","template":"","meta":{"rop_custom_images_group":[],"rop_custom_messages_group":[],"rop_publish_now":"initial","rop_publish_now_accounts":{"facebook_391207609099785_107747471705101":"","twitter_1455864053738483718_1455864053738483718":""},"rop_publish_now_history":[],"rop_publish_now_status":"pending","footnotes":""},"class_list":["post-3473","page","type-page","status-publish","hentry"],"meta_box":{"nt_forester_menutype":"p","nt_forester_section_name":["Menu item name"],"nt_forester_section_url":["#sectionname"],"nt_forester_page_nav_bgcolor":"","nt_forester_page_sticky_bg":"","nt_forester_page_nav_color":"","nt_forester_page_nav_hovercolor":"","nt_forester_page_nav_border_color":"","nt_forester_footer_display":"0","nt_forester_f_bgcolor":"","nt_forester_f_border_t_c":"","nt_forester_f_text_c":"","nt_forester_f_social_bg":"","nt_forester_f_social_i_c":"","nt_forester_page_hero_display":"0","nt_forester_page_bg_image":[{"width":150,"height":150,"file":"2025\/07\/furgoneta01-1.jpg","filesize":115528,"sizes":{"medium":{"file":"furgoneta01-1-300x107.jpg","width":300,"height":107,"mime-type":"image\/jpeg","filesize":12646,"url":"https:\/\/jobufer.com\/wp-content\/uploads\/2025\/07\/furgoneta01-1-300x107.jpg"},"large":{"file":"furgoneta01-1-1024x366.jpg","width":1024,"height":366,"mime-type":"image\/jpeg","filesize":44812,"url":"https:\/\/jobufer.com\/wp-content\/uploads\/2025\/07\/furgoneta01-1-1024x366.jpg"},"thumbnail":{"file":"furgoneta01-1-150x150.jpg","width":150,"height":150,"mime-type":"image\/jpeg","filesize":12744,"url":"https:\/\/jobufer.com\/wp-content\/uploads\/2025\/07\/furgoneta01-1-150x150.jpg"},"medium_large":{"file":"furgoneta01-1-768x274.jpg","width":768,"height":274,"mime-type":"image\/jpeg","filesize":31330,"url":"https:\/\/jobufer.com\/wp-content\/uploads\/2025\/07\/furgoneta01-1-768x274.jpg"},"1536x1536":{"file":"furgoneta01-1-1536x549.jpg","width":1536,"height":549,"mime-type":"image\/jpeg","filesize":75129,"url":"https:\/\/jobufer.com\/wp-content\/uploads\/2025\/07\/furgoneta01-1-1536x549.jpg"}},"image_meta":{"aperture":"0","credit":"","camera":"","caption":"","created_timestamp":"0","copyright":"","focal_length":"0","iso":"0","shutter_speed":"0","title":"","orientation":"1","keywords":[]},"ID":"4438","name":"furgoneta01-1.jpg","path":"\/home\/ra26399\/public_html\/wp-content\/uploads\/2025\/07\/furgoneta01-1.jpg","url":"https:\/\/jobufer.com\/wp-content\/uploads\/2025\/07\/furgoneta01-1-150x150.jpg","full_url":"https:\/\/jobufer.com\/wp-content\/uploads\/2025\/07\/furgoneta01-1.jpg","title":"furgoneta01 (1)","caption":"","description":"","alt":"","srcset":false}],"nt_forester_page_bg_color":"","nt_forester_page_header_height":"","nt_forester_header_p_top":"","nt_forester_header_p_bottom":"","nt_forester_title_display":"0","nt_forester_use_bigtitle":"0","nt_forester_alt_title":"","nt_forester_page_title_color":"","nt_forester_page_title_mb":"","nt_forester_disable_subtitle":"0","nt_forester_subtitle":"","nt_forester_page_subtitle_color":"","nt_forester_page_subtitle_maxw":"","nt_forester_page_subtitle_mb":"","nt_forester_page_bread_display":"0","nt_forester_page_herobtn_display":"0","nt_forester_page_herobtn_linktype":"external","nt_forester_page_herobtn":"","nt_forester_page_herobtn_url":"","nt_forester_page_herobtn_icon_display":"0","nt_forester_page_herobtn_icon":"","nt_forester_page_herobtn_iconpos":"before","nt_forester_page_herobtn_bg":"btn-primary","nt_forester_page_herobtn_custombg":"","nt_forester_page_herobtn_hoverbg":"","nt_forester_page_herobtn_titlecolor":"","nt_forester_page_herobtn_titlehover":"","nt_forester_page_herobtn_size":"btn-sm","nt_forester_pagelayout":"right-sidebar"},"_links":{"self":[{"href":"https:\/\/jobufer.com\/index.php\/wp-json\/wp\/v2\/pages\/3473","targetHints":{"allow":["GET"]}}],"collection":[{"href":"https:\/\/jobufer.com\/index.php\/wp-json\/wp\/v2\/pages"}],"about":[{"href":"https:\/\/jobufer.com\/index.php\/wp-json\/wp\/v2\/types\/page"}],"author":[{"embeddable":true,"href":"https:\/\/jobufer.com\/index.php\/wp-json\/wp\/v2\/users\/1"}],"replies":[{"embeddable":true,"href":"https:\/\/jobufer.com\/index.php\/wp-json\/wp\/v2\/comments?post=3473"}],"version-history":[{"count":32,"href":"https:\/\/jobufer.com\/index.php\/wp-json\/wp\/v2\/pages\/3473\/revisions"}],"predecessor-version":[{"id":4434,"href":"https:\/\/jobufer.com\/index.php\/wp-json\/wp\/v2\/pages\/3473\/revisions\/4434"}],"up":[{"embeddable":true,"href":"https:\/\/jobufer.com\/index.php\/wp-json\/wp\/v2\/pages\/3456"}],"wp:attachment":[{"href":"https:\/\/jobufer.com\/index.php\/wp-json\/wp\/v2\/media?parent=3473"}],"curies":[{"name":"wp","href":"https:\/\/api.w.org\/{rel}","templated":true}]}}