{"id":3481,"date":"2021-09-11T17:59:47","date_gmt":"2021-09-11T17:59:47","guid":{"rendered":"https:\/\/jobufer.com\/?page_id=3481"},"modified":"2025-07-01T09:20:19","modified_gmt":"2025-07-01T09:20:19","slug":"recogida-de-aceite-usado-en-alicante","status":"publish","type":"page","link":"https:\/\/jobufer.com\/index.php\/recogida-de-aceite-usado\/recogida-de-aceite-usado-en-alicante\/","title":{"rendered":"Recogida de aceite usado en Alicante"},"content":{"rendered":"<div class=\"wpb-content-wrapper\">\n<p>[vc_row][vc_column width=\u00bb1\/2\u2033][vc_column_text]<\/p>\n<h2><strong><span style=\"color: #375ba0;\">RECOGIDA DE ACEITE USADO EN ALICANTE<\/span><\/strong><\/h2>\n<p class=\"Normal tm5 tm6\" style=\"text-align: justify;\"><span class=\"tm7\">La <strong><u>recogida de aceite usado en Alicante<\/u><\/strong> es uno los muchos servicios ofrecidos por nuestra empresa <span style=\"color: #375ba0;\"><strong><em>JOBUFER S.L<\/em><\/strong>.<\/span><\/span><span class=\"tm7\"> Dicho servicio consiste en la <\/span><strong><span style=\"color: #375ba0;\"><span class=\"tm8\">recogida de aceite vegetal usado en Alicante<\/span><\/span><\/strong><span class=\"tm8\">, Comunidad Valenciana,<span class=\"tm7\"><strong>\u00a0<\/strong>as\u00ed como de cualquier otro posible <span style=\"color: #375ba0;\">residuo biodegradable<\/span> de cocina<strong>. <\/strong>El <em><span style=\"color: #375ba0;\">aceite vegetal para reciclaje <\/span><\/em>es depositado correctamente en nuestros contenedores de<span style=\"color: #000000;\"> aceite usado, todos ellos <\/span>especialmente homologados y habilitados para dicha funci\u00f3n<\/span><\/span><span class=\"tm7\">. El servicio se presta siempre en el propio local del cliente para, posteriormente, trasladar el <span style=\"color: #000000;\">aceite usado<\/span> a nuestra <strong><span style=\"color: #a6b218;\">planta de tratamiento y reciclado<\/span><\/strong>, situada en el pol\u00edgono industrial de La Uni\u00f3n, localidad de la Regi\u00f3n de Murcia. En nuestra planta realizamos cuidadosamente el tratamiento de los residuos de aceite usado y lo reciclamos, mediante un moderno e innovador proceso, para su posterior conversi\u00f3n en <strong><span style=\"color: #375ba0;\">biodi\u00e9sel<\/span><\/strong> (<a href=\"https:\/\/www.rinconeducativo.org\/es\/recursos-educativos\/que-es-el-biodiesel\"><span style=\"color: #a6b218;\">\u00bfQu\u00e9 es el biodi\u00e9sel?<\/span><\/a><span style=\"color: #a6b218;\">).<\/span> <\/span><span class=\"tm7\">En el servicio de recogida que ofrece la empresa tambi\u00e9n se incluye la sustituci\u00f3n los contenedores de aceite usado llenos por otros contenedores totalmente limpios e higienizados. Todo ese proceso, tanto la sustituci\u00f3n del contendor como su limpieza y desinfecci\u00f3n, corre completamente de nuestra parte.<\/span><\/p>\n<p class=\"Normal tm5 tm6\" style=\"text-align: justify;\"><span class=\"tm7\">La frecuencia de\u00a0<\/span><span style=\"color: #375ba0;\"><strong><span class=\"tm8\">recogida de aceite usado en Alicante<\/span><\/strong><\/span><span class=\"tm7\"> se establecer\u00e1 conjuntamente con el cliente, seg\u00fan las necesidades y comodidad de \u00e9ste y del propio local. As\u00ed mismo, tambi\u00e9n podr\u00e1 solicitar <em><span style=\"color: #a6b218;\">recogidas extraordinarias<\/span><\/em> en periodos de mayor actividad o en cualquier momento que lo necesite, llamando a nuestro tel\u00e9fono de atenci\u00f3n al cliente o bien utilizando alguno de los canales de WhatsApp o email que tenemos habilitados para ello. <span style=\"color: #375ba0;\">Las recogidas extraordinarias tendr\u00e1n prioridad y ser\u00e1n atendidas en un plazo de 24-48 horas como m\u00e1ximo.<\/span><\/span><\/p>\n<p class=\"Normal tm5 tm6\" style=\"text-align: justify;\"><span class=\"tm7\">Toda la <strong><span style=\"color: #375ba0;\"><em>recogida de aceite usado en Alicante<\/em><\/span><\/strong> queda reflejada en el contrato, donde tambi\u00e9n aparecer\u00e1n las condiciones y contraprestaciones que la empresa <span style=\"color: #375ba0;\"><strong><em>JOBUFER S.L<\/em><\/strong>.<\/span>\u00a0acuerde con cada uno de los clientes, seg\u00fan el volumen de recogida de aceite vegetal usado en Murcia y de los correspondientes certificados que acreditan el cumplimiento de las normativas para la actividad (<a href=\"https:\/\/jobufer.com\/index.php\/normativayley\/\"><em><span style=\"color: #a6b218;\">ver normativa<\/span><\/em><\/a>) y para justificaci\u00f3n ante otros organismos e instituciones del cumplimiento de las <strong><span style=\"color: #a6b218;\">normas aplicables al sector<\/span><\/strong>. De esta manera, cada una de la <em>recogida de<\/em><span style=\"color: #375ba0;\"><em> aceite usado en Alicante<\/em><\/span> aparecen guardadas en nuestra base de datos para poder demostrar en todo momento el cumplimiento estricto de las mismas.<\/span><\/p>\n<p>Nuestro servicio de recogida de aceite usado en Alicante es uno de los m\u00e1s eficientes, moderno e innovador.[\/vc_column_text][\/vc_column][vc_column width=\u00bb1\/2\u2033][vc_single_image image=\u00bb2517\u2033 img_size=\u00bblarge\u00bb][vc_column_text]<\/p>\n<p style=\"text-align: center;\"><strong>PUEDE SOLICITAR <\/strong><a href=\"https:\/\/jobufer.com\/index.php\/recogida\/\"><em><strong><u>UNA RECOGIDA<\/u><\/strong><\/em><\/a><strong> DE ACEITE USADO LLAMANDO <\/strong><\/p>\n<p style=\"text-align: center;\"><strong>A UNO DE NUESTROS TEL\u00c9FONOS DE ATENCI\u00d3N AL CLIENTE<\/strong><\/p>\n<h3 style=\"text-align: center;\"><strong>968 337 717 || 680633340<\/strong><\/h3>\n<h5 style=\"text-align: center;\">o bien rellenando y enviando el siguiente formulario: <span style=\"color: #a6b218;\"><strong><a style=\"color: #a6b218;\" href=\"https:\/\/jobufer.com\/index.php\/recogida\/\">PULSAR AQU\u00cd<\/a><\/strong><\/span>\n<\/h5>\n<p>[\/vc_column_text][\/vc_column][\/vc_row]<\/p>\n<\/div>","protected":false},"excerpt":{"rendered":"<p>[vc_row][vc_column width=\u00bb1\/2\u2033][vc_column_text] RECOGIDA DE ACEITE USADO EN ALICANTE La recogida de aceite usado en Alicante es uno los muchos servicios ofrecidos por nuestra empresa JOBUFER S.L. Dicho servicio consiste en la recogida de aceite vegetal usado en Alicante, Comunidad Valenciana,\u00a0as\u00ed como de cualquier otro posible residuo biodegradable de cocina. El aceite vegetal para reciclaje es [&hellip;]<\/p>\n","protected":false},"author":1,"featured_media":0,"parent":3456,"menu_order":3,"comment_status":"closed","ping_status":"closed","template":"","meta":{"rop_custom_images_group":[],"rop_custom_messages_group":[],"rop_publish_now":"initial","rop_publish_now_accounts":{"facebook_391207609099785_107747471705101":"","twitter_1455864053738483718_1455864053738483718":""},"rop_publish_now_history":[],"rop_publish_now_status":"pending","footnotes":""},"class_list":["post-3481","page","type-page","status-publish","hentry"],"meta_box":{"nt_forester_menutype":"p","nt_forester_section_name":["Menu item name"],"nt_forester_section_url":["#sectionname"],"nt_forester_page_nav_bgcolor":"","nt_forester_page_sticky_bg":"","nt_forester_page_nav_color":"","nt_forester_page_nav_hovercolor":"","nt_forester_page_nav_border_color":"","nt_forester_footer_display":"0","nt_forester_f_bgcolor":"","nt_forester_f_border_t_c":"","nt_forester_f_text_c":"","nt_forester_f_social_bg":"","nt_forester_f_social_i_c":"","nt_forester_page_hero_display":"0","nt_forester_page_bg_image":[{"width":150,"height":150,"file":"2025\/07\/furgoneta01-1.jpg","filesize":115528,"sizes":{"medium":{"file":"furgoneta01-1-300x107.jpg","width":300,"height":107,"mime-type":"image\/jpeg","filesize":12646,"url":"https:\/\/jobufer.com\/wp-content\/uploads\/2025\/07\/furgoneta01-1-300x107.jpg"},"large":{"file":"furgoneta01-1-1024x366.jpg","width":1024,"height":366,"mime-type":"image\/jpeg","filesize":44812,"url":"https:\/\/jobufer.com\/wp-content\/uploads\/2025\/07\/furgoneta01-1-1024x366.jpg"},"thumbnail":{"file":"furgoneta01-1-150x150.jpg","width":150,"height":150,"mime-type":"image\/jpeg","filesize":12744,"url":"https:\/\/jobufer.com\/wp-content\/uploads\/2025\/07\/furgoneta01-1-150x150.jpg"},"medium_large":{"file":"furgoneta01-1-768x274.jpg","width":768,"height":274,"mime-type":"image\/jpeg","filesize":31330,"url":"https:\/\/jobufer.com\/wp-content\/uploads\/2025\/07\/furgoneta01-1-768x274.jpg"},"1536x1536":{"file":"furgoneta01-1-1536x549.jpg","width":1536,"height":549,"mime-type":"image\/jpeg","filesize":75129,"url":"https:\/\/jobufer.com\/wp-content\/uploads\/2025\/07\/furgoneta01-1-1536x549.jpg"}},"image_meta":{"aperture":"0","credit":"","camera":"","caption":"","created_timestamp":"0","copyright":"","focal_length":"0","iso":"0","shutter_speed":"0","title":"","orientation":"1","keywords":[]},"ID":"4438","name":"furgoneta01-1.jpg","path":"\/home\/ra26399\/public_html\/wp-content\/uploads\/2025\/07\/furgoneta01-1.jpg","url":"https:\/\/jobufer.com\/wp-content\/uploads\/2025\/07\/furgoneta01-1-150x150.jpg","full_url":"https:\/\/jobufer.com\/wp-content\/uploads\/2025\/07\/furgoneta01-1.jpg","title":"furgoneta01 (1)","caption":"","description":"","alt":"","srcset":false}],"nt_forester_page_bg_color":"","nt_forester_page_header_height":"","nt_forester_header_p_top":"","nt_forester_header_p_bottom":"","nt_forester_title_display":"0","nt_forester_use_bigtitle":"0","nt_forester_alt_title":"","nt_forester_page_title_color":"","nt_forester_page_title_mb":"","nt_forester_disable_subtitle":"0","nt_forester_subtitle":"","nt_forester_page_subtitle_color":"","nt_forester_page_subtitle_maxw":"","nt_forester_page_subtitle_mb":"","nt_forester_page_bread_display":"0","nt_forester_page_herobtn_display":"0","nt_forester_page_herobtn_linktype":"external","nt_forester_page_herobtn":"","nt_forester_page_herobtn_url":"","nt_forester_page_herobtn_icon_display":"0","nt_forester_page_herobtn_icon":"","nt_forester_page_herobtn_iconpos":"before","nt_forester_page_herobtn_bg":"btn-primary","nt_forester_page_herobtn_custombg":"","nt_forester_page_herobtn_hoverbg":"","nt_forester_page_herobtn_titlecolor":"","nt_forester_page_herobtn_titlehover":"","nt_forester_page_herobtn_size":"btn-sm","nt_forester_pagelayout":"right-sidebar"},"_links":{"self":[{"href":"https:\/\/jobufer.com\/index.php\/wp-json\/wp\/v2\/pages\/3481","targetHints":{"allow":["GET"]}}],"collection":[{"href":"https:\/\/jobufer.com\/index.php\/wp-json\/wp\/v2\/pages"}],"about":[{"href":"https:\/\/jobufer.com\/index.php\/wp-json\/wp\/v2\/types\/page"}],"author":[{"embeddable":true,"href":"https:\/\/jobufer.com\/index.php\/wp-json\/wp\/v2\/users\/1"}],"replies":[{"embeddable":true,"href":"https:\/\/jobufer.com\/index.php\/wp-json\/wp\/v2\/comments?post=3481"}],"version-history":[{"count":18,"href":"https:\/\/jobufer.com\/index.php\/wp-json\/wp\/v2\/pages\/3481\/revisions"}],"predecessor-version":[{"id":4270,"href":"https:\/\/jobufer.com\/index.php\/wp-json\/wp\/v2\/pages\/3481\/revisions\/4270"}],"up":[{"embeddable":true,"href":"https:\/\/jobufer.com\/index.php\/wp-json\/wp\/v2\/pages\/3456"}],"wp:attachment":[{"href":"https:\/\/jobufer.com\/index.php\/wp-json\/wp\/v2\/media?parent=3481"}],"curies":[{"name":"wp","href":"https:\/\/api.w.org\/{rel}","templated":true}]}}