{"id":3486,"date":"2021-09-11T18:09:01","date_gmt":"2021-09-11T18:09:01","guid":{"rendered":"https:\/\/jobufer.com\/?page_id=3486"},"modified":"2025-07-01T09:20:42","modified_gmt":"2025-07-01T09:20:42","slug":"recogida-de-aceite-usado-en-almeria","status":"publish","type":"page","link":"https:\/\/jobufer.com\/index.php\/recogida-de-aceite-usado\/recogida-de-aceite-usado-en-almeria\/","title":{"rendered":"Recogida de aceite usado en Almer\u00eda"},"content":{"rendered":"<div class=\"wpb-content-wrapper\">\n<p>[vc_row][vc_column width=\u00bb1\/2\u2033][vc_column_text]<\/p>\n<h2><strong><span style=\"color: #375ba0;\">RECOGIDA DE ACEITE USADO EN ALMER\u00cdA<\/span><\/strong><\/h2>\n<p>La <span style=\"color: #375ba0;\"><strong><em><u>recogida de aceite usado en Almer\u00eda<\/u><\/em><\/strong><\/span> es uno de los distintos servicios que ofrece nuestra empresa <span class=\"tm7\"><span style=\"color: #375ba0;\"><em><strong><u><span style=\"color: #375ba0;\">JOBUFER<\/span> S.L.<\/u><\/strong><\/em><\/span><\/span> Dicho servicio consiste en la<strong><span style=\"color: #a6b218;\"><em> recogida de aceite vegetal usado<\/em><\/span><\/strong>, as\u00ed como de otros <span style=\"color: #a6b218;\"><strong><em>residuos biodegradables<\/em><\/strong><\/span> procedentes de cocina, que depositamos correctamente en nuestros contenedores de aceite usado. El servicio se presta en el propio local del productor, para luego proceder al traslado a nuestra <em>planta de tratamiento y reciclado<\/em>, situada en el pol\u00edgono industrial de La Uni\u00f3n, en la regi\u00f3n de Murcia. En nuestra planta realizamos el tratamiento de los residuos de aceite y reciclamos, mediante un moderno e innovador proceso, el aceite usado para su posterior conversi\u00f3n en <strong><span style=\"color: #375ba0;\">biodi\u00e9sel<\/span><\/strong> (<a href=\"https:\/\/www.rinconeducativo.org\/es\/recursos-educativos\/que-es-el-biodiesel\"><span style=\"color: #a6b218;\">\u00bfQu\u00e9 es el biodi\u00e9sel?<\/span><\/a>).<\/p>\n<p>En nuestro servicio de recogida, sustituimos los contenedores de aceite usado llenos por otros contenedores limpios e higienizados. Todo el proceso, tanto la sustituci\u00f3n del contenedor como su limpieza, desinfecci\u00f3n y tratamiento en nuestra planta, corre de nuestra parte.<\/p>\n<p>La frecuencia de <span style=\"color: #375ba0;\"><strong>recogida del aceite usado en Almer\u00eda<\/strong><\/span> la establecemos con el cliente seg\u00fan necesidades y comodidad de \u00e9ste, pudiendo solicitar <em><span style=\"color: #a6b218;\">recogidas extraordinarias<\/span><\/em> en periodos de mucha actividad, simplemente llamando a nuestro tel\u00e9fono de atenci\u00f3n al cliente o bien utilizando los canales de WhatsApp o email que tenemos habilitados. <span class=\"tm7\"><span style=\"color: #375ba0;\"><em>Las recogidas extraordinarias tendr\u00e1n prioridad y ser\u00e1n atendidas en un plazo de 24-48 horas como m\u00e1ximo.<\/em><\/span><\/span><\/p>\n<p><span class=\"tm7\">Toda la recogida de <span style=\"color: #375ba0;\"><strong><em>aceite vegetal usado para reciclaje en Almer\u00eda<\/em><\/strong><\/span>\u00a0queda reflejada en el contrato, donde tambi\u00e9n aparecer\u00e1n las condiciones y contraprestaciones que la empresa <span style=\"color: #375ba0;\"><em><strong><u>JOBUFER S.L.<\/u><\/strong><\/em><\/span> acuerde con cada uno de los clientes, seg\u00fan el volumen de recogida de aceite vegetal usado en Almer\u00eda y de los correspondientes certificados que acreditan el cumplimiento de las normativas para la actividad (<a href=\"https:\/\/jobufer.com\/index.php\/normativayley\/\"><em><span style=\"color: #a6b218;\">ver normativa<\/span><\/em><\/a>) y para justificaci\u00f3n ante otros organismos e instituciones del cumplimiento de las <span style=\"color: #a6b218;\">normas aplicables al sector<\/span>. De esta manera, <span style=\"color: #375ba0;\"><em>la recogida de<\/em><em> <span style=\"color: #375ba0;\">aceite<\/span> usado en Almer\u00eda<\/em><\/span> aparecer\u00e1 guardada, junto al resto, en nuestra base de datos para poder demostrar en todo momento el cumplimiento estricto de las mismas, en caso de ser necesario.<\/span><\/p>\n<p>Con nuestro servicio de recogida de aceite usado en Almer\u00eda y su posterior tratamiento en nuestra planta, ayudamos a mantener el medio ambiente y preservar su ecosistema para un futuro mejor. Adem\u00e1s, desempe\u00f1amos una labor importante tratando el aceite vegetal usado en su conversi\u00f3n en biodi\u00e9sel mediante un procedo innovador.[\/vc_column_text][\/vc_column][vc_column width=\u00bb1\/2\u2033][vc_single_image image=\u00bb2516\u2033 img_size=\u00bblarge\u00bb][vc_column_text]<\/p>\n<p style=\"text-align: center;\"><strong>PUEDE SOLICITAR <\/strong><a href=\"https:\/\/jobufer.com\/index.php\/recogida\/\"><em><strong><u>UNA RECOGIDA<\/u><\/strong><\/em><\/a><strong> DE ACEITE USADO LLAMANDO <\/strong><\/p>\n<p style=\"text-align: center;\"><strong>A UNO DE NUESTROS TEL\u00c9FONOS DE ATENCI\u00d3N AL CLIENTE<\/strong><\/p>\n<h3 style=\"text-align: center;\"><strong>968 337 717 || 680633340<\/strong><\/h3>\n<h5 style=\"text-align: center;\">o bien rellenando y enviando el siguiente formulario: <span style=\"color: #a6b218;\"><strong><a style=\"color: #a6b218;\" href=\"https:\/\/jobufer.com\/index.php\/recogida\/\">PULSAR AQU\u00cd<\/a><\/strong><\/span>\n<\/h5>\n<p>[\/vc_column_text][\/vc_column][\/vc_row]<\/p>\n<\/div>","protected":false},"excerpt":{"rendered":"<p>[vc_row][vc_column width=\u00bb1\/2\u2033][vc_column_text] RECOGIDA DE ACEITE USADO EN ALMER\u00cdA La recogida de aceite usado en Almer\u00eda es uno de los distintos servicios que ofrece nuestra empresa JOBUFER S.L. Dicho servicio consiste en la recogida de aceite vegetal usado, as\u00ed como de otros residuos biodegradables procedentes de cocina, que depositamos correctamente en nuestros contenedores de aceite usado. [&hellip;]<\/p>\n","protected":false},"author":1,"featured_media":0,"parent":3456,"menu_order":4,"comment_status":"closed","ping_status":"closed","template":"","meta":{"rop_custom_images_group":[],"rop_custom_messages_group":[],"rop_publish_now":"initial","rop_publish_now_accounts":{"facebook_391207609099785_107747471705101":"","twitter_1455864053738483718_1455864053738483718":""},"rop_publish_now_history":[],"rop_publish_now_status":"pending","footnotes":""},"class_list":["post-3486","page","type-page","status-publish","hentry"],"meta_box":{"nt_forester_menutype":"p","nt_forester_section_name":["Menu item name"],"nt_forester_section_url":["#sectionname"],"nt_forester_page_nav_bgcolor":"","nt_forester_page_sticky_bg":"","nt_forester_page_nav_color":"","nt_forester_page_nav_hovercolor":"","nt_forester_page_nav_border_color":"","nt_forester_footer_display":"0","nt_forester_f_bgcolor":"","nt_forester_f_border_t_c":"","nt_forester_f_text_c":"","nt_forester_f_social_bg":"","nt_forester_f_social_i_c":"","nt_forester_page_hero_display":"0","nt_forester_page_bg_image":[{"width":150,"height":150,"file":"2025\/07\/furgoneta01-1.jpg","filesize":115528,"sizes":{"medium":{"file":"furgoneta01-1-300x107.jpg","width":300,"height":107,"mime-type":"image\/jpeg","filesize":12646,"url":"https:\/\/jobufer.com\/wp-content\/uploads\/2025\/07\/furgoneta01-1-300x107.jpg"},"large":{"file":"furgoneta01-1-1024x366.jpg","width":1024,"height":366,"mime-type":"image\/jpeg","filesize":44812,"url":"https:\/\/jobufer.com\/wp-content\/uploads\/2025\/07\/furgoneta01-1-1024x366.jpg"},"thumbnail":{"file":"furgoneta01-1-150x150.jpg","width":150,"height":150,"mime-type":"image\/jpeg","filesize":12744,"url":"https:\/\/jobufer.com\/wp-content\/uploads\/2025\/07\/furgoneta01-1-150x150.jpg"},"medium_large":{"file":"furgoneta01-1-768x274.jpg","width":768,"height":274,"mime-type":"image\/jpeg","filesize":31330,"url":"https:\/\/jobufer.com\/wp-content\/uploads\/2025\/07\/furgoneta01-1-768x274.jpg"},"1536x1536":{"file":"furgoneta01-1-1536x549.jpg","width":1536,"height":549,"mime-type":"image\/jpeg","filesize":75129,"url":"https:\/\/jobufer.com\/wp-content\/uploads\/2025\/07\/furgoneta01-1-1536x549.jpg"}},"image_meta":{"aperture":"0","credit":"","camera":"","caption":"","created_timestamp":"0","copyright":"","focal_length":"0","iso":"0","shutter_speed":"0","title":"","orientation":"1","keywords":[]},"ID":"4438","name":"furgoneta01-1.jpg","path":"\/home\/ra26399\/public_html\/wp-content\/uploads\/2025\/07\/furgoneta01-1.jpg","url":"https:\/\/jobufer.com\/wp-content\/uploads\/2025\/07\/furgoneta01-1-150x150.jpg","full_url":"https:\/\/jobufer.com\/wp-content\/uploads\/2025\/07\/furgoneta01-1.jpg","title":"furgoneta01 (1)","caption":"","description":"","alt":"","srcset":false}],"nt_forester_page_bg_color":"","nt_forester_page_header_height":"","nt_forester_header_p_top":"","nt_forester_header_p_bottom":"","nt_forester_title_display":"0","nt_forester_use_bigtitle":"0","nt_forester_alt_title":"","nt_forester_page_title_color":"","nt_forester_page_title_mb":"","nt_forester_disable_subtitle":"0","nt_forester_subtitle":"","nt_forester_page_subtitle_color":"","nt_forester_page_subtitle_maxw":"","nt_forester_page_subtitle_mb":"","nt_forester_page_bread_display":"0","nt_forester_page_herobtn_display":"0","nt_forester_page_herobtn_linktype":"external","nt_forester_page_herobtn":"","nt_forester_page_herobtn_url":"","nt_forester_page_herobtn_icon_display":"0","nt_forester_page_herobtn_icon":"","nt_forester_page_herobtn_iconpos":"before","nt_forester_page_herobtn_bg":"btn-primary","nt_forester_page_herobtn_custombg":"","nt_forester_page_herobtn_hoverbg":"","nt_forester_page_herobtn_titlecolor":"","nt_forester_page_herobtn_titlehover":"","nt_forester_page_herobtn_size":"btn-sm","nt_forester_pagelayout":"right-sidebar"},"_links":{"self":[{"href":"https:\/\/jobufer.com\/index.php\/wp-json\/wp\/v2\/pages\/3486","targetHints":{"allow":["GET"]}}],"collection":[{"href":"https:\/\/jobufer.com\/index.php\/wp-json\/wp\/v2\/pages"}],"about":[{"href":"https:\/\/jobufer.com\/index.php\/wp-json\/wp\/v2\/types\/page"}],"author":[{"embeddable":true,"href":"https:\/\/jobufer.com\/index.php\/wp-json\/wp\/v2\/users\/1"}],"replies":[{"embeddable":true,"href":"https:\/\/jobufer.com\/index.php\/wp-json\/wp\/v2\/comments?post=3486"}],"version-history":[{"count":13,"href":"https:\/\/jobufer.com\/index.php\/wp-json\/wp\/v2\/pages\/3486\/revisions"}],"predecessor-version":[{"id":4273,"href":"https:\/\/jobufer.com\/index.php\/wp-json\/wp\/v2\/pages\/3486\/revisions\/4273"}],"up":[{"embeddable":true,"href":"https:\/\/jobufer.com\/index.php\/wp-json\/wp\/v2\/pages\/3456"}],"wp:attachment":[{"href":"https:\/\/jobufer.com\/index.php\/wp-json\/wp\/v2\/media?parent=3486"}],"curies":[{"name":"wp","href":"https:\/\/api.w.org\/{rel}","templated":true}]}}