{"id":3498,"date":"2021-09-11T19:14:08","date_gmt":"2021-09-11T19:14:08","guid":{"rendered":"https:\/\/jobufer.com\/?page_id=3498"},"modified":"2025-07-01T09:22:14","modified_gmt":"2025-07-01T09:22:14","slug":"recogida-de-aceite-de-catering-en-murcia","status":"publish","type":"page","link":"https:\/\/jobufer.com\/index.php\/recogida-de-aceite-usado\/recogida-de-aceite-de-catering-en-murcia\/","title":{"rendered":"Recogida de Aceite de Catering en Murcia"},"content":{"rendered":"<div class=\"wpb-content-wrapper\">\n<p>[vc_row][vc_column width=\u00bb1\/2\u2033][vc_column_text]<\/p>\n<h2><span style=\"color: #375ba0;\"><strong>RECOGIDA DE ACEITE DE CATERING EN MURCIA<\/strong><\/span><\/h2>\n<p class=\"Normal tm5 tm6\" style=\"text-align: justify;\"><span class=\"tm7\">La <em><span style=\"color: #375ba0;\"><strong><u>recogida de aceite <span style=\"color: #375ba0;\">de<\/span> Catering en Murcia<\/u><\/strong><\/span><\/em> es uno de los servicios principales que presta nuestra empresa <span style=\"color: #375ba0;\"><strong><em><span style=\"color: #375ba0;\">JOBUFER<\/span> S.L<\/em><\/strong>. <\/span>Dicho servicio consiste en la <span style=\"color: #375ba0;\">recogida de aceite vegetal usado procedente de caterings<\/span>. <\/span>Si desea beneficiarse de \u00e9ste servicio o informarse m\u00e1s a fondo sobre \u00e9l, solamente tiene que avisarnos a trav\u00e9s de uno de nuestros tel\u00e9fonos o complimentando el formulario que puede encontrar en <a href=\"https:\/\/jobufer.com\/index.php\/recogida\/\"><strong><em><span style=\"color: #a6b218;\">este apartado<\/span><\/em><\/strong><\/a>, indicando claramente sus datos y donde se encuentra el punto de recogida. a partir de ah\u00ed, nosotros nos encargaremos de retirar y recoger el aceite usado y los resiudos de los catering en nuestros <span style=\"color: #a6b218;\">contenedores homologados biodegradables, <\/span>totalmente habilitados para ello. Una vez retirados los residuos, con las protocolarias medidas impuestas por la ley de la seguridad ciudadana, pasaremos a su traslado y su correcto reciclado en nuestra <span style=\"color: #375ba0;\">planta de tratamiento <\/span>habilitada para dicho fin, situada en el Pol\u00edgono Industrial Lo Bolar\u00edn de La Uni\u00f3n, localidad de la Regi\u00f3n de Murcia. All\u00ed es donde realizamos el minucioso tratamiento de los residuos y reciclamos, mediante un moderno e innovador proceso, el aceite usado para su posterior conversi\u00f3n en <strong><span style=\"color: #375ba0;\">biodi\u00e9sel<\/span><\/strong> (para m\u00e1s informaci\u00f3n puede consultar<a href=\"https:\/\/www.rinconeducativo.org\/es\/recursos-educativos\/que-es-el-biodiesel\"><span style=\"color: #a6b218;\"><em>\u00bfQu\u00e9 es el biodi\u00e9sel?<\/em><\/span><\/a>).<\/p>\n<p class=\"Normal tm5 tm6\" style=\"text-align: justify;\">Recordamos que en<span class=\"tm7\"> nuestro proceso de recogida y todo el reciclado del aceite realizado en nuestras instalaciones debidamente equipadas para una buena gesti\u00f3n de los residuos, utilizaremos siempre <span style=\"color: #375ba0;\">contenedores homologados, totalmente limpios e higienizados<\/span>.\u00a0<\/span><\/p>\n<p><span class=\"tm7\">Toda <em><span style=\"color: #375ba0;\"><strong><u>recogida de aceite de Catering en Murcia<\/u><\/strong><\/span><\/em><span style=\"color: #375ba0;\">\u00a0<\/span>quedar\u00e1 completamente reflejada en el contrato, donde tambi\u00e9n quedar\u00e1n reflejadas todas y cada una de las condiciones y contraprestaciones que la empresa <span style=\"color: #375ba0;\"><strong><em>JOBUFER S.L<\/em><\/strong>.<\/span> acuerde con el cliente a quien prestar\u00e1 el servicio, seg\u00fan el volumen de <em>recogida de aceite vegetal usado de catering<\/em> y de los correspondientes certificados que acreditan el <span style=\"color: #a6b218;\">cumplimiento de las normativas<\/span> para dicha actividad (<a href=\"https:\/\/jobufer.com\/index.php\/normativayley\/\"><span style=\"color: #a6b218;\">ver normativa<\/span><\/a>) y, as\u00ed mismo, para justificaci\u00f3n ante otros organismos e instituciones del cumplimiento de las normas aplicables al sector. De esta manera, la <span style=\"color: #375ba0;\"><em>recogida de aceite de catering en Murcia<\/em><\/span> quedar\u00e1 guardada en la base de datos de nuestra empresa para poder demostrar en todo momento el cumplimiento estricto de las mismas, en caso de ser necesario.<\/span><\/p>\n<p><span class=\"tm7\">Para recibir m\u00e1s informaci\u00f3n sobre nuestro servicio de reciclaje y la <em><span style=\"color: #375ba0;\"><strong><u>recogida de aceite de Catering en Murcia<\/u><\/strong><\/span><\/em><strong>\u00a0<\/strong><\/span>puede llamar a uno de nuestros tel\u00e9fonos de atenci\u00f3n al cliente o bien usar los canales de Whatsapp o mail que tenemos habilitados expresamente para dicho fin.[\/vc_column_text][\/vc_column][vc_column width=\u00bb1\/2\u2033][vc_single_image image=\u00bb2514\u2033 img_size=\u00bblarge\u00bb][vc_empty_space][vc_column_text]<\/p>\n<p style=\"text-align: center;\"><strong>PUEDE SOLICITAR <\/strong><a href=\"https:\/\/jobufer.com\/index.php\/recogida\/\"><em><strong><u>UNA RECOGIDA<\/u><\/strong><\/em><\/a><strong> DE ACEITE USADO LLAMANDO <\/strong><\/p>\n<p style=\"text-align: center;\"><strong>A UNO DE NUESTROS TEL\u00c9FONOS DE ATENCI\u00d3N AL CLIENTE<\/strong><\/p>\n<h3 style=\"text-align: center;\"><strong>968 337 717 || 680633340<\/strong><\/h3>\n<h5 style=\"text-align: center;\">o bien rellenando y enviando el siguiente formulario de contacto: <span style=\"color: #a6b218;\"><strong><a style=\"color: #a6b218;\" href=\"https:\/\/jobufer.com\/index.php\/recogida\/\">PULSAR AQU\u00cd<\/a><\/strong><\/span>\n<\/h5>\n<p>[\/vc_column_text][vc_empty_space][vc_single_image image=\u00bb3410\u2033 img_size=\u00bbmedium\u00bb alignment=\u00bbcenter\u00bb style=\u00bbvc_box_circle_2\u2033 css_animation=\u00bbzoomIn\u00bb][\/vc_column][\/vc_row]<\/p>\n<\/div>","protected":false},"excerpt":{"rendered":"<p>[vc_row][vc_column width=\u00bb1\/2\u2033][vc_column_text] RECOGIDA DE ACEITE DE CATERING EN MURCIA La recogida de aceite de Catering en Murcia es uno de los servicios principales que presta nuestra empresa JOBUFER S.L. Dicho servicio consiste en la recogida de aceite vegetal usado procedente de caterings. Si desea beneficiarse de \u00e9ste servicio o informarse m\u00e1s a fondo sobre \u00e9l, [&hellip;]<\/p>\n","protected":false},"author":1,"featured_media":2648,"parent":3456,"menu_order":0,"comment_status":"closed","ping_status":"closed","template":"","meta":{"rop_custom_images_group":[],"rop_custom_messages_group":[],"rop_publish_now":"initial","rop_publish_now_accounts":{"facebook_391207609099785_107747471705101":"","twitter_1455864053738483718_1455864053738483718":""},"rop_publish_now_history":[],"rop_publish_now_status":"pending","footnotes":""},"class_list":["post-3498","page","type-page","status-publish","has-post-thumbnail","hentry"],"meta_box":{"nt_forester_menutype":"p","nt_forester_section_name":["Menu item name"],"nt_forester_section_url":["#sectionname"],"nt_forester_page_nav_bgcolor":"","nt_forester_page_sticky_bg":"","nt_forester_page_nav_color":"","nt_forester_page_nav_hovercolor":"","nt_forester_page_nav_border_color":"","nt_forester_footer_display":"0","nt_forester_f_bgcolor":"","nt_forester_f_border_t_c":"","nt_forester_f_text_c":"","nt_forester_f_social_bg":"","nt_forester_f_social_i_c":"","nt_forester_page_hero_display":"0","nt_forester_page_bg_image":[{"width":150,"height":150,"file":"2025\/07\/furgoneta01-1.jpg","filesize":115528,"sizes":{"medium":{"file":"furgoneta01-1-300x107.jpg","width":300,"height":107,"mime-type":"image\/jpeg","filesize":12646,"url":"https:\/\/jobufer.com\/wp-content\/uploads\/2025\/07\/furgoneta01-1-300x107.jpg"},"large":{"file":"furgoneta01-1-1024x366.jpg","width":1024,"height":366,"mime-type":"image\/jpeg","filesize":44812,"url":"https:\/\/jobufer.com\/wp-content\/uploads\/2025\/07\/furgoneta01-1-1024x366.jpg"},"thumbnail":{"file":"furgoneta01-1-150x150.jpg","width":150,"height":150,"mime-type":"image\/jpeg","filesize":12744,"url":"https:\/\/jobufer.com\/wp-content\/uploads\/2025\/07\/furgoneta01-1-150x150.jpg"},"medium_large":{"file":"furgoneta01-1-768x274.jpg","width":768,"height":274,"mime-type":"image\/jpeg","filesize":31330,"url":"https:\/\/jobufer.com\/wp-content\/uploads\/2025\/07\/furgoneta01-1-768x274.jpg"},"1536x1536":{"file":"furgoneta01-1-1536x549.jpg","width":1536,"height":549,"mime-type":"image\/jpeg","filesize":75129,"url":"https:\/\/jobufer.com\/wp-content\/uploads\/2025\/07\/furgoneta01-1-1536x549.jpg"}},"image_meta":{"aperture":"0","credit":"","camera":"","caption":"","created_timestamp":"0","copyright":"","focal_length":"0","iso":"0","shutter_speed":"0","title":"","orientation":"1","keywords":[]},"ID":"4438","name":"furgoneta01-1.jpg","path":"\/home\/ra26399\/public_html\/wp-content\/uploads\/2025\/07\/furgoneta01-1.jpg","url":"https:\/\/jobufer.com\/wp-content\/uploads\/2025\/07\/furgoneta01-1-150x150.jpg","full_url":"https:\/\/jobufer.com\/wp-content\/uploads\/2025\/07\/furgoneta01-1.jpg","title":"furgoneta01 (1)","caption":"","description":"","alt":"","srcset":false}],"nt_forester_page_bg_color":"","nt_forester_page_header_height":"","nt_forester_header_p_top":"","nt_forester_header_p_bottom":"","nt_forester_title_display":"0","nt_forester_use_bigtitle":"0","nt_forester_alt_title":"","nt_forester_page_title_color":"","nt_forester_page_title_mb":"","nt_forester_disable_subtitle":"0","nt_forester_subtitle":"","nt_forester_page_subtitle_color":"","nt_forester_page_subtitle_maxw":"","nt_forester_page_subtitle_mb":"","nt_forester_page_bread_display":"0","nt_forester_page_herobtn_display":"0","nt_forester_page_herobtn_linktype":"external","nt_forester_page_herobtn":"","nt_forester_page_herobtn_url":"","nt_forester_page_herobtn_icon_display":"0","nt_forester_page_herobtn_icon":"","nt_forester_page_herobtn_iconpos":"before","nt_forester_page_herobtn_bg":"btn-primary","nt_forester_page_herobtn_custombg":"","nt_forester_page_herobtn_hoverbg":"","nt_forester_page_herobtn_titlecolor":"","nt_forester_page_herobtn_titlehover":"","nt_forester_page_herobtn_size":"btn-sm","nt_forester_pagelayout":"right-sidebar"},"_links":{"self":[{"href":"https:\/\/jobufer.com\/index.php\/wp-json\/wp\/v2\/pages\/3498","targetHints":{"allow":["GET"]}}],"collection":[{"href":"https:\/\/jobufer.com\/index.php\/wp-json\/wp\/v2\/pages"}],"about":[{"href":"https:\/\/jobufer.com\/index.php\/wp-json\/wp\/v2\/types\/page"}],"author":[{"embeddable":true,"href":"https:\/\/jobufer.com\/index.php\/wp-json\/wp\/v2\/users\/1"}],"replies":[{"embeddable":true,"href":"https:\/\/jobufer.com\/index.php\/wp-json\/wp\/v2\/comments?post=3498"}],"version-history":[{"count":31,"href":"https:\/\/jobufer.com\/index.php\/wp-json\/wp\/v2\/pages\/3498\/revisions"}],"predecessor-version":[{"id":4262,"href":"https:\/\/jobufer.com\/index.php\/wp-json\/wp\/v2\/pages\/3498\/revisions\/4262"}],"up":[{"embeddable":true,"href":"https:\/\/jobufer.com\/index.php\/wp-json\/wp\/v2\/pages\/3456"}],"wp:featuredmedia":[{"embeddable":true,"href":"https:\/\/jobufer.com\/index.php\/wp-json\/wp\/v2\/media\/2648"}],"wp:attachment":[{"href":"https:\/\/jobufer.com\/index.php\/wp-json\/wp\/v2\/media?parent=3498"}],"curies":[{"name":"wp","href":"https:\/\/api.w.org\/{rel}","templated":true}]}}