{"id":3518,"date":"2021-09-12T19:08:40","date_gmt":"2021-09-12T19:08:40","guid":{"rendered":"https:\/\/jobufer.com\/?page_id=3518"},"modified":"2022-09-14T10:18:23","modified_gmt":"2022-09-14T10:18:23","slug":"recogida-de-aceite-usado","status":"publish","type":"page","link":"https:\/\/jobufer.com\/index.php\/recogida-de-aceite-usado\/recogida-de-aceite-usado\/","title":{"rendered":"Recogida de aceite usado"},"content":{"rendered":"<div class=\"wpb-content-wrapper\">\n<p>[vc_row][vc_column width=\u00bb1\/2\u2033][vc_column_text]<\/p>\n<h2><span style=\"color: #375ba0;\">RECOGIDA DE ACEITE USADO<\/span><\/h2>\n<p class=\"Normal tm5 tm6\" style=\"text-align: justify;\"><span class=\"tm7\">La <span style=\"color: #375ba0;\"><strong><em><u>recogida de aceite usado<\/u><\/em><\/strong> <\/span><\/span><span class=\"tm7\">es el principal servicio que ofrecemos desde la empresa <span style=\"color: #375ba0;\"><strong><em><span style=\"color: #375ba0;\">JOBUFER<\/span> S.L<\/em><\/strong>.<\/span>\u00a0Dicho servicio consiste en la <\/span><span class=\"tm8\"><span style=\"color: #a6b218;\"><em>recogida de aceite vegetal usado <\/em><\/span><\/span><span class=\"tm7\">en hosteler\u00eda y catering y de cualquier otro tipo de <span style=\"color: #a6b218;\">residuo biodegradable<\/span> que proceda de cocina. Dichos residuos son depositados correctamente en nuestros contenedores totalmente homologados y habilitados especialmente para ello. El servicio se presta en el propio local del productor, para ser trasladado posteriormente a nuestra planta de tratamiento y reciclado, situada en el pol\u00edgono industrial de La Uni\u00f3n, localidad de la Regi\u00f3n de Murcia. All\u00ed se realiza el tratamiento adecuado de los residuos de aceite usado y se recicla mediante un moderno e innovador proceso, tras el cual viene su posterior conversi\u00f3n en <span style=\"color: #375ba0;\"><strong>biodi\u00e9sel<\/strong><\/span> (<a href=\"https:\/\/www.rinconeducativo.org\/es\/recursos-educativos\/que-es-el-biodiesel\"><span style=\"color: #a6b218;\">\u00bfQu\u00e9 es el biodi\u00e9sel?<\/span><\/a>).<\/span><\/p>\n<p class=\"Normal tm5 tm6\" style=\"text-align: justify;\"><span class=\"tm7\">En nuestro <span style=\"color: #375ba0;\">servicio de recogida<\/span> tambi\u00e9n nos encargamos de sustitu\u00edr los contenedores de aceite usado llenos por otros contenedores totalmente limpios e higienizados. Todo este proceso corre completamente de parte de nuestra empresa.<\/span><\/p>\n<p class=\"Normal tm5 tm6\" style=\"text-align: justify;\"><span class=\"tm7\">La frecuencia con la que se efect\u00faa la <\/span><span style=\"color: #375ba0;\"><strong><span class=\"tm8\">recogida de aceite usado<\/span><\/strong><\/span><span class=\"tm7\"> ser\u00e1 establecida conjuntamente con el cliente a qui\u00e9n se le est\u00e9 prestando servicio, seg\u00fan necesidades y comodidad del establecimiento en cuesti\u00f3n, pudiendo \u00e9ste solicitar cuando lo desee <span style=\"color: #a6b218;\">recogidas extraordinarias<\/span> en periodos de mayor actividad. Simplemente deber\u00e1 ponerse en contacto con nosotros, llamando a uno de nuestros tel\u00e9fonos de atenci\u00f3n al cliente o bien utilizando los canales de Whatsapp o email que tenemos habilitados para ello. <span style=\"color: #375ba0;\">Las recogidas extraordinarias siempre tendr\u00e1n prioridad frente a otras y ser\u00e1n atendidas en un plazo de 24-48 horas como m\u00e1ximo.<\/span><\/span><\/p>\n<p>\u00a0<\/p>\n<h2><span style=\"color: #a6b218;\"><strong>NORMATIVAS EUROPEAS<\/strong><\/span><\/h2>\n<p class=\"Normal tm5 tm6\" style=\"text-align: justify;\"><span class=\"tm7\">Toda la <span style=\"color: #a6b218;\"><em>recogida de aceite<\/em> <em>usado<\/em><\/span> que se efect\u00fae por nuestra parte quedar\u00e1 reflejada en el contrato, donde tambi\u00e9n aparecer\u00e1n las condiciones y contraprestaciones que nuestra empresa <span style=\"color: #375ba0;\"><strong><em>JOBUFER S.L<\/em><\/strong>.<\/span> \u00a0acuerde con cada uno de nuestros clientes, seg\u00fan el volumen de <span style=\"color: #375ba0;\">recogida de aceite vegetal usado <\/span>en hosteler\u00eda<span style=\"color: #375ba0;\">, <span style=\"color: #000000;\">as\u00ed como<\/span><\/span> de los correspondientes certificados que acreditan el cumplimiento de las normativas para dicha actividad (<span style=\"color: #a6b218;\"><a style=\"color: #a6b218;\" href=\"https:\/\/jobufer.com\/index.php\/normativayley\/\">ver normativa<\/a><\/span>) y para justificaci\u00f3n ante otros organismos e instituciones del <span style=\"color: #a6b218;\">cumplimiento de las normas<\/span> aplicables al sector. De esta manera, toda recogida de aceite usado aparecer\u00e1 guardada, junto con el resto, en nuestra <span style=\"color: #375ba0;\">base de datos<\/span> para poder demostrar en todo momento el cumplimiento estricto de las mismas, en caso de ser necesario.<\/span><\/p>\n<p>[\/vc_column_text][\/vc_column][vc_column width=\u00bb1\/2\u2033][vc_single_image image=\u00bb3105\u2033][vc_column_text]<\/p>\n<p style=\"text-align: center;\"><strong>PUEDE SOLICITAR <\/strong><a href=\"https:\/\/jobufer.com\/index.php\/recogida\/\"><em><strong><u>UNA RECOGIDA<\/u><\/strong><\/em><\/a><strong> DE ACEITE USADO LLAMANDO <\/strong><\/p>\n<p style=\"text-align: center;\"><strong>A UNO DE NUESTROS TEL\u00c9FONOS DE ATENCI\u00d3N AL CLIENTE<\/strong><\/p>\n<h3 style=\"text-align: center;\"><strong>968 337 717 || 680633340<\/strong><\/h3>\n<h5 style=\"text-align: center;\">o bien rellenando y enviando el siguiente formulario: <span style=\"color: #a6b218;\"><strong><a style=\"color: #a6b218;\" href=\"https:\/\/jobufer.com\/index.php\/recogida\/\">PULSAR AQU\u00cd<\/a><\/strong><\/span>\n<\/h5>\n<p>[\/vc_column_text][\/vc_column][\/vc_row]<\/p>\n<\/div>","protected":false},"excerpt":{"rendered":"<p>[vc_row][vc_column width=\u00bb1\/2\u2033][vc_column_text] RECOGIDA DE ACEITE USADO La recogida de aceite usado es el principal servicio que ofrecemos desde la empresa JOBUFER S.L.\u00a0Dicho servicio consiste en la recogida de aceite vegetal usado en hosteler\u00eda y catering y de cualquier otro tipo de residuo biodegradable que proceda de cocina. Dichos residuos son depositados correctamente en nuestros contenedores [&hellip;]<\/p>\n","protected":false},"author":1,"featured_media":0,"parent":3456,"menu_order":0,"comment_status":"closed","ping_status":"closed","template":"","meta":{"rop_custom_images_group":[],"rop_custom_messages_group":[],"rop_publish_now":"initial","rop_publish_now_accounts":{"facebook_391207609099785_107747471705101":"","twitter_1455864053738483718_1455864053738483718":""},"rop_publish_now_history":[],"rop_publish_now_status":"pending","footnotes":""},"class_list":["post-3518","page","type-page","status-publish","hentry"],"meta_box":{"nt_forester_menutype":"p","nt_forester_section_name":["Menu item name"],"nt_forester_section_url":["#sectionname"],"nt_forester_page_nav_bgcolor":"","nt_forester_page_sticky_bg":"","nt_forester_page_nav_color":"","nt_forester_page_nav_hovercolor":"","nt_forester_page_nav_border_color":"","nt_forester_footer_display":"0","nt_forester_f_bgcolor":"","nt_forester_f_border_t_c":"","nt_forester_f_text_c":"","nt_forester_f_social_bg":"","nt_forester_f_social_i_c":"","nt_forester_page_hero_display":"0","nt_forester_page_bg_image":[{"width":150,"height":150,"file":"2021\/05\/furgoneta01.jpg","sizes":{"medium":{"file":"furgoneta01-300x107.jpg","width":300,"height":107,"mime-type":"image\/jpeg","url":"https:\/\/jobufer.com\/wp-content\/uploads\/2021\/05\/furgoneta01-300x107.jpg"},"large":{"file":"furgoneta01-1024x366.jpg","width":1024,"height":366,"mime-type":"image\/jpeg","url":"https:\/\/jobufer.com\/wp-content\/uploads\/2021\/05\/furgoneta01-1024x366.jpg"},"thumbnail":{"file":"furgoneta01-150x150.jpg","width":150,"height":150,"mime-type":"image\/jpeg","url":"https:\/\/jobufer.com\/wp-content\/uploads\/2021\/05\/furgoneta01-150x150.jpg"},"medium_large":{"file":"furgoneta01-768x274.jpg","width":768,"height":274,"mime-type":"image\/jpeg","url":"https:\/\/jobufer.com\/wp-content\/uploads\/2021\/05\/furgoneta01-768x274.jpg"},"1536x1536":{"file":"furgoneta01-1536x549.jpg","width":1536,"height":549,"mime-type":"image\/jpeg","url":"https:\/\/jobufer.com\/wp-content\/uploads\/2021\/05\/furgoneta01-1536x549.jpg"}},"image_meta":{"aperture":"0","credit":"","camera":"","caption":"","created_timestamp":"0","copyright":"","focal_length":"0","iso":"0","shutter_speed":"0","title":"","orientation":"0","keywords":[]},"ID":"3388","name":"furgoneta01.jpg","path":"\/home\/ra26399\/public_html\/wp-content\/uploads\/2021\/05\/furgoneta01.jpg","url":"https:\/\/jobufer.com\/wp-content\/uploads\/2021\/05\/furgoneta01-150x150.jpg","full_url":"https:\/\/jobufer.com\/wp-content\/uploads\/2021\/05\/furgoneta01.jpg","title":"furgoneta01","caption":"","description":"","alt":"","srcset":false}],"nt_forester_page_bg_color":"","nt_forester_page_header_height":"","nt_forester_header_p_top":"","nt_forester_header_p_bottom":"","nt_forester_title_display":"0","nt_forester_use_bigtitle":"0","nt_forester_alt_title":"","nt_forester_page_title_color":"","nt_forester_page_title_mb":"","nt_forester_disable_subtitle":"0","nt_forester_subtitle":"","nt_forester_page_subtitle_color":"","nt_forester_page_subtitle_maxw":"","nt_forester_page_subtitle_mb":"","nt_forester_page_bread_display":"0","nt_forester_page_herobtn_display":"0","nt_forester_page_herobtn_linktype":"external","nt_forester_page_herobtn":"","nt_forester_page_herobtn_url":"","nt_forester_page_herobtn_icon_display":"0","nt_forester_page_herobtn_icon":"","nt_forester_page_herobtn_iconpos":"before","nt_forester_page_herobtn_bg":"btn-primary","nt_forester_page_herobtn_custombg":"","nt_forester_page_herobtn_hoverbg":"","nt_forester_page_herobtn_titlecolor":"","nt_forester_page_herobtn_titlehover":"","nt_forester_page_herobtn_size":"btn-sm","nt_forester_pagelayout":"right-sidebar"},"_links":{"self":[{"href":"https:\/\/jobufer.com\/index.php\/wp-json\/wp\/v2\/pages\/3518","targetHints":{"allow":["GET"]}}],"collection":[{"href":"https:\/\/jobufer.com\/index.php\/wp-json\/wp\/v2\/pages"}],"about":[{"href":"https:\/\/jobufer.com\/index.php\/wp-json\/wp\/v2\/types\/page"}],"author":[{"embeddable":true,"href":"https:\/\/jobufer.com\/index.php\/wp-json\/wp\/v2\/users\/1"}],"replies":[{"embeddable":true,"href":"https:\/\/jobufer.com\/index.php\/wp-json\/wp\/v2\/comments?post=3518"}],"version-history":[{"count":18,"href":"https:\/\/jobufer.com\/index.php\/wp-json\/wp\/v2\/pages\/3518\/revisions"}],"predecessor-version":[{"id":4098,"href":"https:\/\/jobufer.com\/index.php\/wp-json\/wp\/v2\/pages\/3518\/revisions\/4098"}],"up":[{"embeddable":true,"href":"https:\/\/jobufer.com\/index.php\/wp-json\/wp\/v2\/pages\/3456"}],"wp:attachment":[{"href":"https:\/\/jobufer.com\/index.php\/wp-json\/wp\/v2\/media?parent=3518"}],"curies":[{"name":"wp","href":"https:\/\/api.w.org\/{rel}","templated":true}]}}